{"id":1409,"date":"2023-08-02T08:53:47","date_gmt":"2023-08-02T08:53:47","guid":{"rendered":"https:\/\/susanacaravaca.com\/?page_id=1409"},"modified":"2023-08-02T08:53:47","modified_gmt":"2023-08-02T08:53:47","slug":"curso-unas-gel-o-acrilicas-con-decoracion","status":"publish","type":"page","link":"https:\/\/susanacaravaca.com\/?page_id=1409","title":{"rendered":"CURSO U\u00d1AS GEL O ACR\u00cdLICAS CON DECORACI\u00d3N"},"content":{"rendered":"<figure class=\"wp-block-image size-large\"><a href=\"https:\/\/susanacaravaca.com\/wp-content\/uploads\/2023\/08\/woman-nail-salon-receiving-manicure-by-beautician-beauty-treatment-concept-scaled.jpg\"><img loading=\"lazy\" class=\"size-large wp-image-1410\" src=\"https:\/\/susanacaravaca.com\/wp-content\/uploads\/2023\/08\/woman-nail-salon-receiving-manicure-by-beautician-beauty-treatment-concept-1200x801.jpg\" alt=\"\" width=\"750\" height=\"501\" srcset=\"https:\/\/susanacaravaca.com\/wp-content\/uploads\/2023\/08\/woman-nail-salon-receiving-manicure-by-beautician-beauty-treatment-concept-1200x801.jpg 1200w, https:\/\/susanacaravaca.com\/wp-content\/uploads\/2023\/08\/woman-nail-salon-receiving-manicure-by-beautician-beauty-treatment-concept-800x534.jpg 800w, https:\/\/susanacaravaca.com\/wp-content\/uploads\/2023\/08\/woman-nail-salon-receiving-manicure-by-beautician-beauty-treatment-concept-768x513.jpg 768w, https:\/\/susanacaravaca.com\/wp-content\/uploads\/2023\/08\/woman-nail-salon-receiving-manicure-by-beautician-beauty-treatment-concept-1536x1025.jpg 1536w, https:\/\/susanacaravaca.com\/wp-content\/uploads\/2023\/08\/woman-nail-salon-receiving-manicure-by-beautician-beauty-treatment-concept-250x167.jpg 250w, https:\/\/susanacaravaca.com\/wp-content\/uploads\/2023\/08\/woman-nail-salon-receiving-manicure-by-beautician-beauty-treatment-concept-430x287.jpg 430w\" sizes=\"(max-width: 750px) 100vw, 750px\" \/><\/a><\/figure>\n<p>Curso de u\u00f1as acr\u00edlicas o u\u00f1as gel a elegir con opci\u00f3n de adquirir kit de u\u00f1as y l\u00e1mpara en la propia escuela. Dirigido a estudiantes que quieran ampliar conocimientos de est\u00e9tica as\u00ed como a profesionales del sector como peluquer\u00edas o esteticien que quieran ampliar sus servicios en cabina.&nbsp;<\/p>\n<p>En el se trabajar\u00e1:<\/p>\n<p>Proceso de higiene, embellecimiento y tratamiento de manos para u\u00f1as acr\u00edlicas o u\u00f1as gel.<\/p>\n<p>Uso de utensilios y materiales<\/p>\n<p>Mantenimiento y cuidado de las manos.&nbsp;<\/p>\n<p>Decoraci\u00f3n de u\u00f1as: tendencias, t\u00e9cnicas, trucos, materiales (purpurina, pan de oro, brillos o pegatinas) y formas de decoraci\u00f3n de u\u00f1as.<\/p>\n<hr class=\"wp-block-separator is-style-wide\">\n<figure class=\"wp-block-gallery columns-3 is-cropped\">\n<ul class=\"blocks-gallery-grid\">\n<li class=\"blocks-gallery-item\"><a href=\"https:\/\/susanacaravaca.com\/wp-content\/uploads\/2023\/08\/12.-UNAS-GEL-O-ACRILICAS_Mesa-de-trabajo-1-copia-4.jpg\"><img loading=\"lazy\" class=\"alignleft size-large wp-image-1412\" src=\"https:\/\/susanacaravaca.com\/wp-content\/uploads\/2023\/08\/12.-UNAS-GEL-O-ACRILICAS_Mesa-de-trabajo-1-copia-4-1200x1200.jpg\" alt=\"\" width=\"750\" height=\"750\" srcset=\"https:\/\/susanacaravaca.com\/wp-content\/uploads\/2023\/08\/12.-UNAS-GEL-O-ACRILICAS_Mesa-de-trabajo-1-copia-4-1200x1200.jpg 1200w, https:\/\/susanacaravaca.com\/wp-content\/uploads\/2023\/08\/12.-UNAS-GEL-O-ACRILICAS_Mesa-de-trabajo-1-copia-4-800x800.jpg 800w, https:\/\/susanacaravaca.com\/wp-content\/uploads\/2023\/08\/12.-UNAS-GEL-O-ACRILICAS_Mesa-de-trabajo-1-copia-4-300x300.jpg 300w, https:\/\/susanacaravaca.com\/wp-content\/uploads\/2023\/08\/12.-UNAS-GEL-O-ACRILICAS_Mesa-de-trabajo-1-copia-4-768x768.jpg 768w, https:\/\/susanacaravaca.com\/wp-content\/uploads\/2023\/08\/12.-UNAS-GEL-O-ACRILICAS_Mesa-de-trabajo-1-copia-4-150x150.jpg 150w, https:\/\/susanacaravaca.com\/wp-content\/uploads\/2023\/08\/12.-UNAS-GEL-O-ACRILICAS_Mesa-de-trabajo-1-copia-4-1536x1536.jpg 1536w, https:\/\/susanacaravaca.com\/wp-content\/uploads\/2023\/08\/12.-UNAS-GEL-O-ACRILICAS_Mesa-de-trabajo-1-copia-4-250x250.jpg 250w, https:\/\/susanacaravaca.com\/wp-content\/uploads\/2023\/08\/12.-UNAS-GEL-O-ACRILICAS_Mesa-de-trabajo-1-copia-4-430x430.jpg 430w\" sizes=\"(max-width: 750px) 100vw, 750px\" \/><\/a><br \/>\n<figure><\/figure>\n<\/li>\n<li class=\"blocks-gallery-item\"><a href=\"https:\/\/susanacaravaca.com\/wp-content\/uploads\/2023\/08\/12.-UNAS-GEL-O-ACRILICAS_Mesa-de-trabajo-1-copia-2.jpg\"><img loading=\"lazy\" class=\"alignleft size-large wp-image-1413\" src=\"https:\/\/susanacaravaca.com\/wp-content\/uploads\/2023\/08\/12.-UNAS-GEL-O-ACRILICAS_Mesa-de-trabajo-1-copia-2-1200x1200.jpg\" alt=\"\" width=\"750\" height=\"750\" srcset=\"https:\/\/susanacaravaca.com\/wp-content\/uploads\/2023\/08\/12.-UNAS-GEL-O-ACRILICAS_Mesa-de-trabajo-1-copia-2-1200x1200.jpg 1200w, https:\/\/susanacaravaca.com\/wp-content\/uploads\/2023\/08\/12.-UNAS-GEL-O-ACRILICAS_Mesa-de-trabajo-1-copia-2-800x800.jpg 800w, https:\/\/susanacaravaca.com\/wp-content\/uploads\/2023\/08\/12.-UNAS-GEL-O-ACRILICAS_Mesa-de-trabajo-1-copia-2-300x300.jpg 300w, https:\/\/susanacaravaca.com\/wp-content\/uploads\/2023\/08\/12.-UNAS-GEL-O-ACRILICAS_Mesa-de-trabajo-1-copia-2-768x768.jpg 768w, https:\/\/susanacaravaca.com\/wp-content\/uploads\/2023\/08\/12.-UNAS-GEL-O-ACRILICAS_Mesa-de-trabajo-1-copia-2-150x150.jpg 150w, https:\/\/susanacaravaca.com\/wp-content\/uploads\/2023\/08\/12.-UNAS-GEL-O-ACRILICAS_Mesa-de-trabajo-1-copia-2-1536x1536.jpg 1536w, https:\/\/susanacaravaca.com\/wp-content\/uploads\/2023\/08\/12.-UNAS-GEL-O-ACRILICAS_Mesa-de-trabajo-1-copia-2-250x250.jpg 250w, https:\/\/susanacaravaca.com\/wp-content\/uploads\/2023\/08\/12.-UNAS-GEL-O-ACRILICAS_Mesa-de-trabajo-1-copia-2-430x430.jpg 430w\" sizes=\"(max-width: 750px) 100vw, 750px\" \/><\/a><br \/>\n<figure><\/figure>\n<\/li>\n<li class=\"blocks-gallery-item\"><a href=\"https:\/\/susanacaravaca.com\/wp-content\/uploads\/2023\/08\/woman-doing-her-manicure-salon-close-up-scaled.jpg\"><img loading=\"lazy\" class=\"alignleft size-large wp-image-1414\" src=\"https:\/\/susanacaravaca.com\/wp-content\/uploads\/2023\/08\/woman-doing-her-manicure-salon-close-up-1200x1200.jpg\" alt=\"\" width=\"750\" height=\"750\" srcset=\"https:\/\/susanacaravaca.com\/wp-content\/uploads\/2023\/08\/woman-doing-her-manicure-salon-close-up-1200x1200.jpg 1200w, https:\/\/susanacaravaca.com\/wp-content\/uploads\/2023\/08\/woman-doing-her-manicure-salon-close-up-800x800.jpg 800w, https:\/\/susanacaravaca.com\/wp-content\/uploads\/2023\/08\/woman-doing-her-manicure-salon-close-up-300x300.jpg 300w, https:\/\/susanacaravaca.com\/wp-content\/uploads\/2023\/08\/woman-doing-her-manicure-salon-close-up-768x768.jpg 768w, https:\/\/susanacaravaca.com\/wp-content\/uploads\/2023\/08\/woman-doing-her-manicure-salon-close-up-150x150.jpg 150w, https:\/\/susanacaravaca.com\/wp-content\/uploads\/2023\/08\/woman-doing-her-manicure-salon-close-up-1536x1536.jpg 1536w, https:\/\/susanacaravaca.com\/wp-content\/uploads\/2023\/08\/woman-doing-her-manicure-salon-close-up-250x250.jpg 250w, https:\/\/susanacaravaca.com\/wp-content\/uploads\/2023\/08\/woman-doing-her-manicure-salon-close-up-430x430.jpg 430w\" sizes=\"(max-width: 750px) 100vw, 750px\" \/><\/a><br \/>\n<figure><\/figure>\n<\/li>\n<\/ul>\n<\/figure>\n<hr class=\"wp-block-separator is-style-wide\">\n<h2 class=\"has-text-align-left\"><span class=\"has-inline-color has-vivid-purple-color\">\u00a1TE LLAMAMOS! SOLICITA INFO<\/span><\/h2>\n<div role=\"form\" class=\"wpcf7\" id=\"wpcf7-f9-o1\" lang=\"es-ES\" dir=\"ltr\">\n<div class=\"screen-reader-response\"><p role=\"status\" aria-live=\"polite\" aria-atomic=\"true\"><\/p> <ul><\/ul><\/div>\n<form action=\"\/index.php?rest_route=%2Fwp%2Fv2%2Fpages%2F1409#wpcf7-f9-o1\" method=\"post\" class=\"wpcf7-form init\" novalidate=\"novalidate\" data-status=\"init\">\n<div style=\"display: none;\">\n<input type=\"hidden\" name=\"_wpcf7\" value=\"9\" \/>\n<input type=\"hidden\" name=\"_wpcf7_version\" value=\"5.5.1\" \/>\n<input type=\"hidden\" name=\"_wpcf7_locale\" value=\"es_ES\" \/>\n<input type=\"hidden\" name=\"_wpcf7_unit_tag\" value=\"wpcf7-f9-o1\" \/>\n<input type=\"hidden\" name=\"_wpcf7_container_post\" value=\"0\" \/>\n<input type=\"hidden\" name=\"_wpcf7_posted_data_hash\" value=\"\" \/>\n<\/div>\n<style>\n.formulario tr td {\n vertical-align:top;\nborder-width:0px 0px 0px !important;\ncolor:#644F98;\npadding-bottom:0px;\npadding-top:0px\n}<\/p>\n<\/style>\n<table class=\"formulario\">\n<tr>\n<td>NOMBRE*<\/td>\n<td>ASUNTO*<\/td>\n<\/tr>\n<tr>\n<td><span class=\"wpcf7-form-control-wrap your-name\"><input type=\"text\" name=\"your-name\" value=\"\" size=\"40\" class=\"wpcf7-form-control wpcf7-text wpcf7-validates-as-required\" aria-required=\"true\" aria-invalid=\"false\" \/><\/span><\/td>\n<td><span class=\"wpcf7-form-control-wrap your-subject\"><input type=\"text\" name=\"your-subject\" value=\"\" size=\"40\" class=\"wpcf7-form-control wpcf7-text wpcf7-validates-as-required\" aria-required=\"true\" aria-invalid=\"false\" \/><\/span><\/td>\n<\/tr>\n<tr>\n<td>EMAIL*<\/td>\n<td>MENSAJE*<\/td>\n<\/tr>\n<tr>\n<td><span class=\"wpcf7-form-control-wrap your-email\"><input type=\"email\" name=\"your-email\" value=\"\" size=\"40\" class=\"wpcf7-form-control wpcf7-text wpcf7-email wpcf7-validates-as-required wpcf7-validates-as-email\" aria-required=\"true\" aria-invalid=\"false\" \/><\/span><\/td>\n<td rowspan=\"3\"><span class=\"wpcf7-form-control-wrap your-message\"><textarea name=\"your-message\" cols=\"40\" rows=\"10\" class=\"wpcf7-form-control wpcf7-textarea wpcf7-validates-as-required\" aria-required=\"true\" aria-invalid=\"false\"><\/textarea><\/span><\/td>\n<\/tr>\n<tr>\n<td>TELEFONO*<\/td>\n<\/tr>\n<tr>\n<td><span class=\"wpcf7-form-control-wrap your-telephone\"><input type=\"tel\" name=\"your-telephone\" value=\"\" size=\"40\" class=\"wpcf7-form-control wpcf7-text wpcf7-tel wpcf7-validates-as-required wpcf7-validates-as-tel\" aria-required=\"true\" aria-invalid=\"false\" \/><\/span><\/td>\n<\/tr>\n<tr>\n<td><\/td>\n<td style=\"padding-top:5px\"><input type=\"submit\" value=\"ENVIAR\" class=\"wpcf7-form-control has-spinner wpcf7-submit\" \/><\/td>\n<\/tr>\n<\/table>\n<div class=\"wpcf7-response-output\" aria-hidden=\"true\"><\/div><\/form><\/div>\n<hr class=\"wp-block-separator is-style-wide\">\n<div class=\"wp-block-columns\">\n<div class=\"wp-block-column\" style=\"flex-basis: 66.66%;\">&nbsp;<\/div>\n<\/div>\n<div class=\"wp-block-columns\">\n<div class=\"wp-block-column\" style=\"flex-basis: 100%;\">\n<div class=\"wp-block-group alignfull eplus-eKmBFP\">\n<div class=\"wp-block-group__inner-container\">\n<div class=\"wp-block-columns eplus-eKRk5r\">\n<div class=\"wp-block-column is-vertically-aligned-center eplus-JCjdfn\">\n<figure class=\"wp-block-gallery columns-3 is-cropped eplus-mHA4g8\">\n<ul class=\"blocks-gallery-grid\">\n<li class=\"blocks-gallery-item\">&nbsp;<\/li>\n<\/ul>\n<\/figure>\n<\/div>\n<\/div>\n<\/div>\n<\/div>\n<h1>CURSO U\u00d1AS GEL O ACR\u00cdLICAS CON DECORACI\u00d3N<\/h1>\n<ul>\n<li><strong>DURACI\u00d3N<\/strong>: 1 mes<\/li>\n<li><strong>FECHAS<\/strong>: 2,9,16,23 de octubre 2023 \/ 27 noviembre 4,11 y 18 de diciembre 2023 \/ 8,15,22,29 enero 2024 \/ 4,11,18,25 de marzo 2024<\/li>\n<li><strong>HORARIO<\/strong>: de 16 a 20 h.<\/li>\n<li><strong>D\u00cdAS<\/strong>: lunes tarde&nbsp;<\/li>\n<li><strong>PRECIO<\/strong>: 250 \u20ac&nbsp;<\/li>\n<li><strong>TEMARIO<\/strong>: Proceso de higiene, embellecimiento y tratamiento de manos para u\u00f1as acr\u00edlicas o u\u00f1as gel. Decoraci\u00f3n de u\u00f1as: tendencias, t\u00e9cnicas, trucos, materiales y formas de decoraci\u00f3n de u\u00f1as.<\/li>\n<\/ul>\n<div class=\"wp-block-group\">\n<div class=\"wp-block-group__inner-container\">\n<div class=\"wp-block-columns\">\n<div class=\"wp-block-column\" style=\"flex-basis: 100%;\">\n<hr class=\"wp-block-separator is-style-wide\">\n<p>El equipo docente de la escuela, liderado por <strong><span class=\"has-inline-color has-vivid-purple-color\">Susana Caravaca<\/span><\/strong>, directora de la escuela y adem\u00e1s formadora en los institutos profesionales de la regi\u00f3n, engloba toda la formaci\u00f3n en <strong>terapias alternativas, est\u00e9tica y maquillaje.<\/strong><\/p>\n<\/div>\n<\/div>\n<\/div>\n<\/div>\n<\/div>\n<\/div>\n<p>&nbsp;<\/p>\n<p><a href=\"https:\/\/susanacaravaca.com\/wp-content\/uploads\/2023\/08\/nail-hygiene-care-flat-lay-scaled.jpg\"><img loading=\"lazy\" class=\"alignleft size-large wp-image-1417\" src=\"https:\/\/susanacaravaca.com\/wp-content\/uploads\/2023\/08\/nail-hygiene-care-flat-lay-1200x800.jpg\" alt=\"\" width=\"750\" height=\"500\" srcset=\"https:\/\/susanacaravaca.com\/wp-content\/uploads\/2023\/08\/nail-hygiene-care-flat-lay-1200x800.jpg 1200w, https:\/\/susanacaravaca.com\/wp-content\/uploads\/2023\/08\/nail-hygiene-care-flat-lay-800x534.jpg 800w, https:\/\/susanacaravaca.com\/wp-content\/uploads\/2023\/08\/nail-hygiene-care-flat-lay-768x512.jpg 768w, https:\/\/susanacaravaca.com\/wp-content\/uploads\/2023\/08\/nail-hygiene-care-flat-lay-1536x1024.jpg 1536w, https:\/\/susanacaravaca.com\/wp-content\/uploads\/2023\/08\/nail-hygiene-care-flat-lay-250x167.jpg 250w, https:\/\/susanacaravaca.com\/wp-content\/uploads\/2023\/08\/nail-hygiene-care-flat-lay-430x287.jpg 430w\" sizes=\"(max-width: 750px) 100vw, 750px\" \/><\/a><\/p>\n<hr class=\"wp-block-separator is-style-wide\">\n<p><!-- PAGE CONTENT : end --><\/p>\n","protected":false},"excerpt":{"rendered":"<p>Curso de u\u00f1as acr\u00edlicas o u\u00f1as gel a elegir con opci\u00f3n de adquirir kit de u\u00f1as y l\u00e1mpara en la propia escuela. Dirigido a estudiantes que quieran ampliar conocimientos de est\u00e9tica as\u00ed como a profesionales del sector como peluquer\u00edas o esteticien que quieran ampliar sus servicios en cabina.&nbsp; En el se trabajar\u00e1: Proceso de higiene, [&hellip;]<\/p>\n","protected":false},"author":2,"featured_media":0,"parent":0,"menu_order":0,"comment_status":"closed","ping_status":"closed","template":"","meta":{"ngg_post_thumbnail":0},"_links":{"self":[{"href":"https:\/\/susanacaravaca.com\/index.php?rest_route=\/wp\/v2\/pages\/1409"}],"collection":[{"href":"https:\/\/susanacaravaca.com\/index.php?rest_route=\/wp\/v2\/pages"}],"about":[{"href":"https:\/\/susanacaravaca.com\/index.php?rest_route=\/wp\/v2\/types\/page"}],"author":[{"embeddable":true,"href":"https:\/\/susanacaravaca.com\/index.php?rest_route=\/wp\/v2\/users\/2"}],"replies":[{"embeddable":true,"href":"https:\/\/susanacaravaca.com\/index.php?rest_route=%2Fwp%2Fv2%2Fcomments&post=1409"}],"version-history":[{"count":4,"href":"https:\/\/susanacaravaca.com\/index.php?rest_route=\/wp\/v2\/pages\/1409\/revisions"}],"predecessor-version":[{"id":1418,"href":"https:\/\/susanacaravaca.com\/index.php?rest_route=\/wp\/v2\/pages\/1409\/revisions\/1418"}],"wp:attachment":[{"href":"https:\/\/susanacaravaca.com\/index.php?rest_route=%2Fwp%2Fv2%2Fmedia&parent=1409"}],"curies":[{"name":"wp","href":"https:\/\/api.w.org\/{rel}","templated":true}]}}