{"id":14,"date":"2015-10-28T14:24:21","date_gmt":"2015-10-28T14:24:21","guid":{"rendered":"http:\/\/susanacaravaca.com\/?page_id=14"},"modified":"2020-06-19T11:13:44","modified_gmt":"2020-06-19T11:13:44","slug":"cursos-estetica","status":"publish","type":"page","link":"https:\/\/susanacaravaca.com\/?page_id=14","title":{"rendered":"\u2022 CURSOS EST\u00c9TICA <img src=\"http:\/\/susanacaravaca.com\/wp-content\/uploads\/2015\/10\/logocabecera-800x350.png\" alt=\"logocabecera\" width=\"150\" class=\"imagenCabecera\" \/>"},"content":{"rendered":"<table class=\"tablaCurso\">\n<tbody>\n<tr>\n<td><img class=\"cursoImagen\" src=\"https:\/\/susanacaravaca.com\/wp-content\/uploads\/2015\/10\/cestetica_01.png\" alt=\"\"><\/td>\n<td class=\"cursoCaja\">\n<div class=\"cursoCaja2\">\n<p><span class=\"cursoTitulo\">\u2022 EST\u00c9TICA PRIMER NIVEL<\/span><\/p>\n<p class=\"cursoParrafo\"><span class=\"negrita\">Duraci\u00f3n.<\/span> 11 meses (material incluido).<br \/>\n<span class=\"negrita\">Materia.<\/span> Est\u00e9tica facial, higiene y tratamientos. Depilaci\u00f3n fr\u00eda, caliente y el\u00e9ctrica con sus distintas aplicaciones. Manicura y pedicura. Maquillaje y visagismo. Masaje est\u00e9tico, corporal y tratamientos. Anatom\u00eda: cosmetolog\u00eda y tecnolog\u00eda est\u00e9tica.<br \/>\n<span class=\"negrita\">Fecha.<\/span>&nbsp;De septiembre de 2020 a julio de 2021.<br \/>\n<span class=\"negrita\">Horario.<\/span> De lunes a viernes de 9.30 a 13.30 h. (5 d\u00edas a la semana)<br \/>\n<span class=\"negrita\">Precio.<\/span>&nbsp;Matr\u00edcula 389 \u20ac ; 290 \u20ac \/ cuota mensual.<\/p>\n<\/div>\n<\/td>\n<\/tr>\n<\/tbody>\n<\/table>\n<p>&nbsp;<\/p>\n<table class=\"tablaCurso\">\n<tbody>\n<tr>\n<td><a href=\"https:\/\/susanacaravaca.com\/wp-content\/uploads\/2015\/10\/iniciacion-a-la-estetica.png\"><img loading=\"lazy\" class=\"alignnone size-full wp-image-946\" src=\"https:\/\/susanacaravaca.com\/wp-content\/uploads\/2015\/10\/iniciacion-a-la-estetica.png\" alt=\"\" width=\"255\" height=\"231\" srcset=\"https:\/\/susanacaravaca.com\/wp-content\/uploads\/2015\/10\/iniciacion-a-la-estetica.png 255w, https:\/\/susanacaravaca.com\/wp-content\/uploads\/2015\/10\/iniciacion-a-la-estetica-250x226.png 250w\" sizes=\"(max-width: 255px) 100vw, 255px\" \/><\/a><\/td>\n<td class=\"cursoCaja\">\n<div class=\"cursoCaja2\">\n<p><span class=\"cursoTitulo\">\u2022 HIGIENE Y TRATAMIENTOS FACIALES<\/span><\/p>\n<p class=\"cursoParrafo\"><span class=\"negrita\">Duraci\u00f3n.<\/span> 2 meses.<br \/>\n<span class=\"negrita\">Materia.<\/span> Higiene facial, est\u00e9tica y tratamientos de la piel: acn\u00e9, suciedad, manchas, arrugas, etc.<br \/>\n<span class=\"negrita\">Fecha.&nbsp;Del 8 de enero al 26 de febrero de 2020.<\/span><br \/>\n<span class=\"negrita\">Horario.<\/span> Mi\u00e9rcoles de 9.30 a 13.30 h.&nbsp;<br \/>\n<span class=\"negrita\">Precio.<\/span> Matr\u00edcula 220 \u20ac \/ 120\u20ac cuota mensual.<\/p>\n<\/div>\n<\/td>\n<\/tr>\n<\/tbody>\n<\/table>\n<p><!---------------------------><\/p>\n<table class=\"tablaCurso\">\n<tbody>\n<tr>\n<td><img loading=\"lazy\" class=\"cursoImagen alignnone\" src=\"https:\/\/susanacaravaca.com\/wp-content\/uploads\/2015\/10\/cestetica_02.png\" alt=\"\" width=\"255\" height=\"231\"><\/td>\n<td class=\"cursoCaja\">\n<div class=\"cursoCaja2\">\n<p><span class=\"cursoTitulo\">\u2022 INICIACI\u00d3N A LA EST\u00c9TICA<\/span><\/p>\n<p class=\"cursoParrafo\"><span class=\"negrita\">Duraci\u00f3n.<\/span> 1 mes.<br \/>\n<span class=\"negrita\">Materia.<\/span> Manicura, pedicura, depilaci\u00f3n, facial y maquillaje (diagn\u00f3sticos).<br \/>\n<span class=\"negrita\">Fecha.<\/span> Desde septiembre de 2020.<br \/>\n<span class=\"negrita\">Horario a elegir.<\/span> De lunes a viernes, de 9.30 a 13.30 h.<br \/>\n<span class=\"negrita\">Precio.<\/span> Matr\u00edcula 100 \u20ac \/ 720\u20ac cuota.<\/p>\n<\/div>\n<\/td>\n<\/tr>\n<\/tbody>\n<\/table>\n<p><!---------------------------><\/p>\n<table class=\"tablaCurso\">\n<tbody>\n<tr>\n<td><img class=\"cursoImagen\" src=\"https:\/\/susanacaravaca.com\/wp-content\/uploads\/2015\/10\/cestetica_03.png\" alt=\"\"><\/td>\n<td class=\"cursoCaja\">\n<div class=\"cursoCaja2\">\n<p><span class=\"cursoTitulo\">\u2022 DEPILACI\u00d3N<\/span><\/p>\n<p class=\"cursoParrafo\"><span class=\"negrita\">Duraci\u00f3n.<\/span> 1 mes.<br \/>\n<span class=\"negrita\">Materia.<\/span> Depilaci\u00f3n corporal.<br \/>\n<span class=\"negrita\">Fecha.<\/span> Martes todo el a\u00f1o.<br \/>\n<span class=\"negrita\">Horario.<\/span> De 9.30 a 13.30 h.<br \/>\n<span class=\"negrita\">Precio.<\/span> 150 \u20ac<\/p>\n<\/div>\n<\/td>\n<\/tr>\n<\/tbody>\n<\/table>\n<p><!---------------------------><\/p>\n<table class=\"tablaCurso\">\n<tbody>\n<tr>\n<td><img class=\"cursoImagen\" src=\"https:\/\/susanacaravaca.com\/wp-content\/uploads\/2015\/10\/cestetica_04.png\" alt=\"\"><\/td>\n<td class=\"cursoCaja\">\n<div class=\"cursoCaja2\">\n<p><span class=\"cursoTitulo\">\u2022 FACIAL<\/span><\/p>\n<p class=\"cursoParrafo\"><span class=\"negrita\">Duraci\u00f3n.<\/span> 1 mes.<br \/>\n<span class=\"negrita\">Materia.<\/span> Diagn\u00f3sticos.<br \/>\n<span class=\"negrita\">Fecha.<\/span> Mi\u00e9rcoles todo el a\u00f1o.<br \/>\n<span class=\"negrita\">Horario.<\/span> De 9.30 a 13.30 h.<br \/>\n<span class=\"negrita\">Precio.<\/span> 250 \u20ac<\/p>\n<\/div>\n<\/td>\n<\/tr>\n<\/tbody>\n<\/table>\n<p><!---------------------------><\/p>\n<table class=\"tablaCurso\">\n<tbody>\n<tr>\n<td><img class=\"cursoImagen\" src=\"https:\/\/susanacaravaca.com\/wp-content\/uploads\/2015\/10\/cestetica_05.png\" alt=\"\"><\/td>\n<td class=\"cursoCaja\">\n<div class=\"cursoCaja2\">\n<p><span class=\"cursoTitulo\">\u2022 CORPORAL<\/span><\/p>\n<p class=\"cursoParrafo\"><span class=\"negrita\">Duraci\u00f3n.<\/span> 1 mes.<br \/>\n<span class=\"negrita\">Materia.<\/span> Masaje.<br \/>\n<span class=\"negrita\">Fecha.<\/span> Martes todo el a\u00f1o.<br \/>\n<span class=\"negrita\">Horario.<\/span> De 16.30 a 20.00 h.<br \/>\n<span class=\"negrita\">Precio.<\/span> 250 \u20ac<\/p>\n<\/div>\n<\/td>\n<\/tr>\n<\/tbody>\n<\/table>\n<p><!---------------------------><\/p>\n<table class=\"tablaCurso\">\n<tbody>\n<tr>\n<td><img class=\"cursoImagen\" src=\"https:\/\/susanacaravaca.com\/wp-content\/uploads\/2015\/10\/cestetica_06.png\" alt=\"\"><\/td>\n<td class=\"cursoCaja\">\n<div class=\"cursoCaja2\">\n<p><span class=\"cursoTitulo\">\u2022 MANICURA \/ PEDICURA<\/span><\/p>\n<p class=\"cursoParrafo\"><span class=\"negrita\">Duraci\u00f3n.<\/span> 1 mes.<br \/>\n<span class=\"negrita\">Materia.<\/span> Proceso de higiene, embellecimiento y tratamiento de manos y pies.<br \/>\n<span class=\"negrita\">Fecha.<\/span> Viernes todo el a\u00f1o.<br \/>\n<span class=\"negrita\">Horario.<\/span> De 9.30 a 13.30 h.&nbsp;<br \/>\n<span class=\"negrita\">Precio.<\/span> 150 \u20ac<\/p>\n<\/div>\n<\/td>\n<\/tr>\n<\/tbody>\n<\/table>\n<p><!---------------------------><\/p>\n<table class=\"tablaCurso\">\n<tbody>\n<tr>\n<td><img class=\"cursoImagen\" src=\"https:\/\/susanacaravaca.com\/wp-content\/uploads\/2015\/10\/cestetica_07.png\" alt=\"\"><\/td>\n<td class=\"cursoCaja\">\n<div class=\"cursoCaja2\">\n<p><span class=\"cursoTitulo\">\u2022 U\u00d1AS ACR\u00cdLICAS<\/span><\/p>\n<p class=\"cursoParrafo\"><span class=\"negrita\">Duraci\u00f3n.<\/span> 1 mes.<br \/>\n<span class=\"negrita\">Materia.<\/span> Proceso de higiene, embellecimiento y tratamiento de manos.<br \/>\n<span class=\"negrita\">Fecha.<\/span> Viernes todo el a\u00f1o.<br \/>\n<span class=\"negrita\">Horario.<\/span> De 9.30 a 13.30 h.<br \/>\n<span class=\"negrita\">Precio.<\/span> 150 \u20ac; material de la escuela incluido.<\/p>\n<\/div>\n<\/td>\n<\/tr>\n<\/tbody>\n<\/table>\n<p>&nbsp;<\/p>\n<table class=\"tablaCurso\">\n<tbody>\n<tr>\n<td><a href=\"https:\/\/susanacaravaca.com\/wp-content\/uploads\/2015\/10\/u\u00f1as-gel.png\"><img loading=\"lazy\" class=\"alignnone size-full wp-image-957\" src=\"https:\/\/susanacaravaca.com\/wp-content\/uploads\/2015\/10\/u\u00f1as-gel.png\" alt=\"\" width=\"255\" height=\"231\" srcset=\"https:\/\/susanacaravaca.com\/wp-content\/uploads\/2015\/10\/u\u00f1as-gel.png 255w, https:\/\/susanacaravaca.com\/wp-content\/uploads\/2015\/10\/u\u00f1as-gel-250x226.png 250w\" sizes=\"(max-width: 255px) 100vw, 255px\" \/><\/a><\/td>\n<td class=\"cursoCaja\">\n<div class=\"cursoCaja2\">\n<p><span class=\"cursoTitulo\">\u2022 U\u00d1AS GEL<\/span><\/p>\n<p class=\"cursoParrafo\"><span class=\"negrita\">Duraci\u00f3n.<\/span> 1 mes.<br \/>\n<span class=\"negrita\">Materia.<\/span> Proceso de higiene, embellecimiento y tratamiento de manos para u\u00f1as gel.<br \/>\n<span class=\"negrita\">Fecha.<\/span>&nbsp;Viernes todo el a\u00f1o.<br \/>\n<span class=\"negrita\">Horario.&nbsp;De 9.30 a 13.30 h.<\/span><br \/>\n<span class=\"negrita\">Precio.<\/span> 500 \u20ac; material incluido (l\u00e1mpara + kit de u\u00f1as)<\/p>\n<\/div>\n<\/td>\n<\/tr>\n<\/tbody>\n<\/table>\n<p><!---------------------------><\/p>\n<table class=\"tablaCurso\">\n<tbody>\n<tr>\n<td><img class=\"cursoImagen\" src=\"https:\/\/susanacaravaca.com\/wp-content\/uploads\/2015\/10\/cestetica_08.png\" alt=\"\"><\/td>\n<td class=\"cursoCaja\">\n<div class=\"cursoCaja2\">\n<p><span class=\"cursoTitulo\">\u2022 ESPECIAL PESTA\u00d1AS<\/span><\/p>\n<p class=\"cursoParrafo\"><span class=\"negrita\">Duraci\u00f3n.<\/span> 4 horas.<br \/>\n<span class=\"negrita\">Materia.<\/span> Extensi\u00f3n, permanente y tinte.<br \/>\n<span class=\"negrita\">Fecha.<\/span> Por concretar.<br \/>\n<span class=\"negrita\">Horario.<\/span> De 9.30 a 13.30 h. o de 15.00 a 19.00 h.<br \/>\n<span class=\"negrita\">Precio.<\/span> 350 \u20ac; material incluido: kit con m\u00e1s de 9000 pesta\u00f1as, silicona, pegamento, contenedores, pinzas, microbrush y DVD demostrativo.<\/p>\n<\/div>\n<\/td>\n<\/tr>\n<\/tbody>\n<\/table>\n<p><!---------------------------><\/p>\n<table class=\"tablaCurso\">\n<tbody>\n<tr>\n<td><img class=\"cursoImagen\" src=\"https:\/\/susanacaravaca.com\/wp-content\/uploads\/2015\/10\/cestetica_09.png\" alt=\"\"><\/td>\n<td class=\"cursoCaja\">\n<div class=\"cursoCaja2\">\n<p><span class=\"cursoTitulo\">\u2022 ESPECIAL CEJAS<\/span><\/p>\n<p class=\"cursoParrafo\"><span class=\"negrita\">Duraci\u00f3n.<\/span> 12 horas.<br \/>\n<span class=\"negrita\">Materia.<\/span> T\u00e9cnica de extensi\u00f3n de cejas pelo a pelo.<br \/>\n<span class=\"negrita\">Fecha.&nbsp;Por concretar.<\/span><br \/>\n<span class=\"negrita\">Horario.<\/span> De 15.30 a 19.30 h.<br \/>\n<span class=\"negrita\">Precio.<\/span> Matr\u00edcula 150 \u20ac; 200 \u20ac cuota.<\/p>\n<\/div>\n<\/td>\n<\/tr>\n<\/tbody>\n<\/table>\n<p><!---------------------------><\/p>\n<p>&nbsp;<\/p>\n<table class=\"tablaCurso\">\n<tbody>\n<tr>\n<td><img class=\"cursoImagen\" src=\"https:\/\/susanacaravaca.com\/wp-content\/uploads\/2015\/10\/cestetica_10.png\" alt=\"\"><\/td>\n<td class=\"cursoCaja\">\n<div class=\"cursoCaja2\">\n<p><span class=\"cursoTitulo\">\u2022 TANATOEST\u00c9TICA &#8211; TANATOPRAXIA<\/span><\/p>\n<p class=\"cursoParrafo\"><span class=\"negrita\">Duraci\u00f3n.<\/span> 1 mes.<br \/>\n<span class=\"negrita\">Materia.<\/span> Est\u00e9tica y maquillaje de difuntos.<br \/>\n<span class=\"negrita\">Fecha.<\/span>&nbsp;20 y 21 de julio 2020.<br \/>\n<span class=\"negrita\">Horario. De 10 a 14 y de 15 a 19 h.<\/span><br \/>\n<span class=\"negrita\">Precio.<\/span> 585 \u20ac<\/p>\n<\/div>\n<\/td>\n<\/tr>\n<\/tbody>\n<\/table>\n<p><!---------------------------><\/p>\n<p><!---------------------------><\/p>\n<p>&nbsp;<\/p>\n<p><!---------------------------><\/p>\n<div id=\"dc_vk_code\" style=\"display: none;\">&nbsp;<\/div>\n","protected":false},"excerpt":{"rendered":"<p>\u2022 EST\u00c9TICA PRIMER NIVEL Duraci\u00f3n. 11 meses (material incluido). Materia. Est\u00e9tica facial, higiene y tratamientos. Depilaci\u00f3n fr\u00eda, caliente y el\u00e9ctrica con sus distintas aplicaciones. Manicura y pedicura. Maquillaje y visagismo. Masaje est\u00e9tico, corporal y tratamientos. Anatom\u00eda: cosmetolog\u00eda y tecnolog\u00eda est\u00e9tica. Fecha.&nbsp;De septiembre de 2020 a julio de 2021. Horario. De lunes a viernes de 9.30 [&hellip;]<\/p>\n","protected":false},"author":2,"featured_media":0,"parent":0,"menu_order":0,"comment_status":"closed","ping_status":"closed","template":"","meta":{"ngg_post_thumbnail":0},"_links":{"self":[{"href":"https:\/\/susanacaravaca.com\/index.php?rest_route=\/wp\/v2\/pages\/14"}],"collection":[{"href":"https:\/\/susanacaravaca.com\/index.php?rest_route=\/wp\/v2\/pages"}],"about":[{"href":"https:\/\/susanacaravaca.com\/index.php?rest_route=\/wp\/v2\/types\/page"}],"author":[{"embeddable":true,"href":"https:\/\/susanacaravaca.com\/index.php?rest_route=\/wp\/v2\/users\/2"}],"replies":[{"embeddable":true,"href":"https:\/\/susanacaravaca.com\/index.php?rest_route=%2Fwp%2Fv2%2Fcomments&post=14"}],"version-history":[{"count":85,"href":"https:\/\/susanacaravaca.com\/index.php?rest_route=\/wp\/v2\/pages\/14\/revisions"}],"predecessor-version":[{"id":1046,"href":"https:\/\/susanacaravaca.com\/index.php?rest_route=\/wp\/v2\/pages\/14\/revisions\/1046"}],"wp:attachment":[{"href":"https:\/\/susanacaravaca.com\/index.php?rest_route=%2Fwp%2Fv2%2Fmedia&parent=14"}],"curies":[{"name":"wp","href":"https:\/\/api.w.org\/{rel}","templated":true}]}}