{"id":1367,"date":"2023-07-19T16:48:16","date_gmt":"2023-07-19T16:48:16","guid":{"rendered":"https:\/\/susanacaravaca.com\/?page_id=1367"},"modified":"2024-07-09T08:05:54","modified_gmt":"2024-07-09T08:05:54","slug":"curso-maquillaje-social","status":"publish","type":"page","link":"https:\/\/susanacaravaca.com\/?page_id=1367","title":{"rendered":"CURSO MAQUILLAJE SOCIAL"},"content":{"rendered":"<p>&nbsp;<\/p>\n<p><strong>Si el maquillaje es tu pasi\u00f3n y quieres dedicarte al mundo de la est\u00e9tica, este es tu curso. <\/strong>En nuestra escuela, <strong><span class=\"has-inline-color has-vivid-purple-color\">Susana Caravaca<\/span><\/strong>, aprender\u00e1s todo lo relacionado con las <strong>t\u00e9cnicas<\/strong>, <strong>higiene<\/strong> y <strong>creatividad<\/strong> del mundo del maquillaje.<\/p>\n<p>&nbsp;<\/p>\n<hr class=\"wp-block-separator is-style-wide\">\n<figure class=\"wp-block-gallery columns-3 is-cropped\"><a href=\"https:\/\/susanacaravaca.com\/wp-content\/uploads\/2023\/07\/MAQUILLAJE-SOCIAL_MAQUILLAJE-SOCIAL-05.jpg\"><img loading=\"lazy\" class=\"alignleft wp-image-1368 size-thumbnail\" src=\"https:\/\/susanacaravaca.com\/wp-content\/uploads\/2023\/07\/MAQUILLAJE-SOCIAL_MAQUILLAJE-SOCIAL-05-300x300.jpg\" alt=\"\" width=\"300\" height=\"300\" srcset=\"https:\/\/susanacaravaca.com\/wp-content\/uploads\/2023\/07\/MAQUILLAJE-SOCIAL_MAQUILLAJE-SOCIAL-05-300x300.jpg 300w, https:\/\/susanacaravaca.com\/wp-content\/uploads\/2023\/07\/MAQUILLAJE-SOCIAL_MAQUILLAJE-SOCIAL-05-800x799.jpg 800w, https:\/\/susanacaravaca.com\/wp-content\/uploads\/2023\/07\/MAQUILLAJE-SOCIAL_MAQUILLAJE-SOCIAL-05-1200x1199.jpg 1200w, https:\/\/susanacaravaca.com\/wp-content\/uploads\/2023\/07\/MAQUILLAJE-SOCIAL_MAQUILLAJE-SOCIAL-05-768x767.jpg 768w, https:\/\/susanacaravaca.com\/wp-content\/uploads\/2023\/07\/MAQUILLAJE-SOCIAL_MAQUILLAJE-SOCIAL-05-150x150.jpg 150w, https:\/\/susanacaravaca.com\/wp-content\/uploads\/2023\/07\/MAQUILLAJE-SOCIAL_MAQUILLAJE-SOCIAL-05-250x250.jpg 250w, https:\/\/susanacaravaca.com\/wp-content\/uploads\/2023\/07\/MAQUILLAJE-SOCIAL_MAQUILLAJE-SOCIAL-05-430x430.jpg 430w, https:\/\/susanacaravaca.com\/wp-content\/uploads\/2023\/07\/MAQUILLAJE-SOCIAL_MAQUILLAJE-SOCIAL-05.jpg 1242w\" sizes=\"(max-width: 300px) 100vw, 300px\" \/><\/a><img loading=\"lazy\" class=\"alignleft size-thumbnail wp-image-1373\" src=\"https:\/\/susanacaravaca.com\/wp-content\/uploads\/2023\/07\/FOTOS-MASTER_FOTO-CUADRADA-01-300x300.jpg\" alt=\"\" width=\"300\" height=\"300\" srcset=\"https:\/\/susanacaravaca.com\/wp-content\/uploads\/2023\/07\/FOTOS-MASTER_FOTO-CUADRADA-01-300x300.jpg 300w, https:\/\/susanacaravaca.com\/wp-content\/uploads\/2023\/07\/FOTOS-MASTER_FOTO-CUADRADA-01-800x800.jpg 800w, https:\/\/susanacaravaca.com\/wp-content\/uploads\/2023\/07\/FOTOS-MASTER_FOTO-CUADRADA-01-1200x1200.jpg 1200w, https:\/\/susanacaravaca.com\/wp-content\/uploads\/2023\/07\/FOTOS-MASTER_FOTO-CUADRADA-01-768x768.jpg 768w, https:\/\/susanacaravaca.com\/wp-content\/uploads\/2023\/07\/FOTOS-MASTER_FOTO-CUADRADA-01-150x150.jpg 150w, https:\/\/susanacaravaca.com\/wp-content\/uploads\/2023\/07\/FOTOS-MASTER_FOTO-CUADRADA-01-250x250.jpg 250w, https:\/\/susanacaravaca.com\/wp-content\/uploads\/2023\/07\/FOTOS-MASTER_FOTO-CUADRADA-01-430x430.jpg 430w, https:\/\/susanacaravaca.com\/wp-content\/uploads\/2023\/07\/FOTOS-MASTER_FOTO-CUADRADA-01.jpg 1241w\" sizes=\"(max-width: 300px) 100vw, 300px\" \/> <a href=\"https:\/\/susanacaravaca.com\/wp-content\/uploads\/2023\/07\/FOTOS-MASTER_FOTO-CUADRADA-05.jpg\"><img loading=\"lazy\" class=\"alignleft size-thumbnail wp-image-1378\" src=\"https:\/\/susanacaravaca.com\/wp-content\/uploads\/2023\/07\/FOTOS-MASTER_FOTO-CUADRADA-05-300x300.jpg\" alt=\"\" width=\"300\" height=\"300\" srcset=\"https:\/\/susanacaravaca.com\/wp-content\/uploads\/2023\/07\/FOTOS-MASTER_FOTO-CUADRADA-05-300x300.jpg 300w, https:\/\/susanacaravaca.com\/wp-content\/uploads\/2023\/07\/FOTOS-MASTER_FOTO-CUADRADA-05-800x801.jpg 800w, https:\/\/susanacaravaca.com\/wp-content\/uploads\/2023\/07\/FOTOS-MASTER_FOTO-CUADRADA-05-1200x1201.jpg 1200w, https:\/\/susanacaravaca.com\/wp-content\/uploads\/2023\/07\/FOTOS-MASTER_FOTO-CUADRADA-05-768x769.jpg 768w, https:\/\/susanacaravaca.com\/wp-content\/uploads\/2023\/07\/FOTOS-MASTER_FOTO-CUADRADA-05-150x150.jpg 150w, https:\/\/susanacaravaca.com\/wp-content\/uploads\/2023\/07\/FOTOS-MASTER_FOTO-CUADRADA-05-250x250.jpg 250w, https:\/\/susanacaravaca.com\/wp-content\/uploads\/2023\/07\/FOTOS-MASTER_FOTO-CUADRADA-05-430x430.jpg 430w, https:\/\/susanacaravaca.com\/wp-content\/uploads\/2023\/07\/FOTOS-MASTER_FOTO-CUADRADA-05.jpg 1241w\" sizes=\"(max-width: 300px) 100vw, 300px\" \/><\/a><\/figure>\n<p>&nbsp;<\/p>\n<hr class=\"wp-block-separator is-style-wide\">\n<h2 class=\"has-text-align-left\"><span class=\"has-inline-color has-vivid-purple-color\">\u00a1TE LLAMAMOS! SOLICITA INFO<\/span><\/h2>\n<p>&nbsp;<br \/>\n<div role=\"form\" class=\"wpcf7\" id=\"wpcf7-f1081-o1\" lang=\"es-ES\" dir=\"ltr\">\n<div class=\"screen-reader-response\"><p role=\"status\" aria-live=\"polite\" aria-atomic=\"true\"><\/p> <ul><\/ul><\/div>\n<form action=\"\/index.php?rest_route=%2Fwp%2Fv2%2Fpages%2F1367#wpcf7-f1081-o1\" method=\"post\" class=\"wpcf7-form init\" novalidate=\"novalidate\" data-status=\"init\">\n<div style=\"display: none;\">\n<input type=\"hidden\" name=\"_wpcf7\" value=\"1081\" \/>\n<input type=\"hidden\" name=\"_wpcf7_version\" value=\"5.5.1\" \/>\n<input type=\"hidden\" name=\"_wpcf7_locale\" value=\"es_ES\" \/>\n<input type=\"hidden\" name=\"_wpcf7_unit_tag\" value=\"wpcf7-f1081-o1\" \/>\n<input type=\"hidden\" name=\"_wpcf7_container_post\" value=\"0\" \/>\n<input type=\"hidden\" name=\"_wpcf7_posted_data_hash\" value=\"\" \/>\n<\/div>\n<style>\n.formulario tr td {\n vertical-align:top;\nborder-width:0px 0px 0px !important;\ncolor:#644F98;\npadding-bottom:0px;\npadding-top:0px\n}<\/p>\n<\/style>\n<table class=\"formulario\">\n<tr>\n<td>NOMBRE*<\/td>\n<\/tr>\n<tr>\n<td><span class=\"wpcf7-form-control-wrap your-subject\"><input type=\"text\" name=\"your-subject\" value=\"\" size=\"40\" class=\"wpcf7-form-control wpcf7-text wpcf7-validates-as-required\" aria-required=\"true\" aria-invalid=\"false\" \/><\/span><\/td>\n<\/tr>\n<tr>\n<td>TEL\u00c9FONO*<\/td>\n<\/tr>\n<tr>\n<td><span class=\"wpcf7-form-control-wrap your-message\"><input type=\"text\" name=\"your-message\" value=\"\" size=\"40\" class=\"wpcf7-form-control wpcf7-text wpcf7-validates-as-required\" aria-required=\"true\" aria-invalid=\"false\" \/><\/span><\/td>\n<\/tr>\n<tr>\n<td>QUIERO INFO<\/td>\n<\/tr>\n<tr>\n<td><input type=\"submit\" value=\"ENVIAR\" class=\"wpcf7-form-control has-spinner wpcf7-submit\" \/><\/td>\n<\/tr>\n<\/table>\n<div class=\"wpcf7-response-output\" aria-hidden=\"true\"><\/div><\/form><\/div>\n<div id=\"wpcf7-f1081-p1271-o1\" class=\"wpcf7\" dir=\"ltr\" lang=\"es-ES\" role=\"form\">\n<div class=\"screen-reader-response\">&nbsp;<\/div>\n<form class=\"wpcf7-form init\" action=\"https:\/\/susanacaravaca.com\/?page_id=1271#wpcf7-f1081-p1271-o1\" method=\"post\" novalidate=\"novalidate\" data-status=\"init\">\n<div style=\"display: none;\">&nbsp;<\/div>\n<\/form>\n<\/div>\n<hr class=\"wp-block-separator is-style-wide\">\n<p>El curso de maquillaje social es una formaci\u00f3n enfocada en las diferentes t\u00e9cnicas, <strong>te ofrece todos los conocimientos necesarios para desenvolverte en el mundo del maquillaje.<\/strong> Con este curso estar\u00e1s plenamente capacitada para entrar en el mundo laboral con la garant\u00eda de haber superado todos los conocimientos y aprendido al detalle cada una de las t\u00e9cnicas de protocolo y seguridad.<\/p>\n<p>Pr\u00e1cticas garantizadas con prestigiosas empresas, como los<strong> desfiles de moda organizados por Murcia Pasarela de Moda, por el Ayuntamiento de Murcia.<\/strong><\/p>\n<p>&nbsp;<\/p>\n<p>&nbsp;<\/p>\n<figure class=\"wp-block-gallery columns-2 is-cropped\">\n<figure><a href=\"https:\/\/susanacaravaca.com\/wp-content\/uploads\/2022\/06\/Susana-Caravaca-65-scaled.jpg\"><img loading=\"lazy\" class=\"wp-image-1286\" src=\".\/CURSO PERFECCIONAMIENTO EN MAQUILLAJE _ Susana Caravaca _ Escuela de Maquillaje, Est\u00e9tica y Peluquer\u00eda_files\/Susana-Caravaca-65-1200x800.jpg\" sizes=\"(max-width: 1200px) 100vw, 1200px\" srcset=\"https:\/\/susanacaravaca.com\/wp-content\/uploads\/2022\/06\/Susana-Caravaca-65-1200x800.jpg 1200w, https:\/\/susanacaravaca.com\/wp-content\/uploads\/2022\/06\/Susana-Caravaca-65-800x533.jpg 800w, https:\/\/susanacaravaca.com\/wp-content\/uploads\/2022\/06\/Susana-Caravaca-65-768x512.jpg 768w, https:\/\/susanacaravaca.com\/wp-content\/uploads\/2022\/06\/Susana-Caravaca-65-1536x1024.jpg 1536w, https:\/\/susanacaravaca.com\/wp-content\/uploads\/2022\/06\/Susana-Caravaca-65-250x167.jpg 250w, https:\/\/susanacaravaca.com\/wp-content\/uploads\/2022\/06\/Susana-Caravaca-65-430x287.jpg 430w\" alt=\"\" width=\"1200\" height=\"800\" data-id=\"1286\" data-full-url=\"https:\/\/susanacaravaca.com\/wp-content\/uploads\/2022\/06\/Susana-Caravaca-65-scaled.jpg\" data-link=\"https:\/\/susanacaravaca.com\/?attachment_id=1286\"><\/a><\/figure>\n<\/figure>\n<hr class=\"wp-block-separator is-style-wide\">\n<p>El equipo docente de la escuela, liderado por <strong><span class=\"has-inline-color has-vivid-purple-color\">Susana Caravaca<\/span><\/strong>, directora de la escuela y adem\u00e1s formadora en los institutos profesionales de la regi\u00f3n, engloba toda la formaci\u00f3n.<\/p>\n<hr class=\"wp-block-separator is-style-wide\">\n<hr class=\"wp-block-separator is-style-wide\">\n<h1>CURSO MAQUILLAJE SOCIAL<\/h1>\n<ul>\n<li><strong>DURACI\u00d3N<\/strong>: 1 mes<\/li>\n<li><strong>FECHA<\/strong>: por concretar.&nbsp;<\/li>\n<li><strong>HORARIO<\/strong>: de 16 a 20 h.<\/li>\n<li><strong>D\u00cdAS<\/strong>: lunes<\/li>\n<li><strong>PRECIO<\/strong>: 250 \u20ac<\/li>\n<li><strong>TEMARIO<\/strong>: Visajismo, morfolog\u00eda, colorimetr\u00eda, maquillaje d\u00eda y noche, social. Sombreado de ojos, correcciones. Higiene y limpieza de utensilios. Taller con profesora y explicaci\u00f3n paso a paso de los maquillajes.<\/li>\n<\/ul>\n<hr class=\"wp-block-separator is-style-wide\">\n<figure class=\"wp-block-gallery columns-3 is-cropped\">\n<ul class=\"blocks-gallery-grid\">\n<li class=\"blocks-gallery-item\">\n<figure><a href=\"https:\/\/susanacaravaca.com\/wp-content\/uploads\/2022\/06\/Susana-Caravaca-44-scaled.jpg\"><img loading=\"lazy\" class=\"wp-image-1258\" src=\".\/CURSO PERFECCIONAMIENTO EN MAQUILLAJE _ Susana Caravaca _ Escuela de Maquillaje, Est\u00e9tica y Peluquer\u00eda_files\/Susana-Caravaca-44-1200x803.jpg\" sizes=\"(max-width: 1200px) 100vw, 1200px\" srcset=\"https:\/\/susanacaravaca.com\/wp-content\/uploads\/2022\/06\/Susana-Caravaca-44-1200x803.jpg 1200w, https:\/\/susanacaravaca.com\/wp-content\/uploads\/2022\/06\/Susana-Caravaca-44-800x535.jpg 800w, https:\/\/susanacaravaca.com\/wp-content\/uploads\/2022\/06\/Susana-Caravaca-44-768x514.jpg 768w, https:\/\/susanacaravaca.com\/wp-content\/uploads\/2022\/06\/Susana-Caravaca-44-1536x1028.jpg 1536w, https:\/\/susanacaravaca.com\/wp-content\/uploads\/2022\/06\/Susana-Caravaca-44-250x167.jpg 250w, https:\/\/susanacaravaca.com\/wp-content\/uploads\/2022\/06\/Susana-Caravaca-44-430x288.jpg 430w\" alt=\"\" width=\"1200\" height=\"803\" data-id=\"1258\" data-full-url=\"https:\/\/susanacaravaca.com\/wp-content\/uploads\/2022\/06\/Susana-Caravaca-44-scaled.jpg\" data-link=\"https:\/\/susanacaravaca.com\/?attachment_id=1258\"><\/a><\/figure>\n<\/li>\n<li class=\"blocks-gallery-item\">\n<figure><a href=\"https:\/\/susanacaravaca.com\/wp-content\/uploads\/2022\/06\/Susana-Caravaca-50-scaled.jpg\"><img loading=\"lazy\" class=\"wp-image-1255\" src=\".\/CURSO PERFECCIONAMIENTO EN MAQUILLAJE _ Susana Caravaca _ Escuela de Maquillaje, Est\u00e9tica y Peluquer\u00eda_files\/Susana-Caravaca-50-1200x800.jpg\" sizes=\"(max-width: 1200px) 100vw, 1200px\" srcset=\"https:\/\/susanacaravaca.com\/wp-content\/uploads\/2022\/06\/Susana-Caravaca-50-1200x800.jpg 1200w, https:\/\/susanacaravaca.com\/wp-content\/uploads\/2022\/06\/Susana-Caravaca-50-800x533.jpg 800w, https:\/\/susanacaravaca.com\/wp-content\/uploads\/2022\/06\/Susana-Caravaca-50-768x512.jpg 768w, https:\/\/susanacaravaca.com\/wp-content\/uploads\/2022\/06\/Susana-Caravaca-50-1536x1024.jpg 1536w, https:\/\/susanacaravaca.com\/wp-content\/uploads\/2022\/06\/Susana-Caravaca-50-250x167.jpg 250w, https:\/\/susanacaravaca.com\/wp-content\/uploads\/2022\/06\/Susana-Caravaca-50-430x287.jpg 430w\" alt=\"\" width=\"1200\" height=\"800\" data-id=\"1255\" data-full-url=\"https:\/\/susanacaravaca.com\/wp-content\/uploads\/2022\/06\/Susana-Caravaca-50-scaled.jpg\" data-link=\"https:\/\/susanacaravaca.com\/?attachment_id=1255\"><\/a><\/figure>\n<\/li>\n<li class=\"blocks-gallery-item\">\n<figure><a href=\"https:\/\/susanacaravaca.com\/wp-content\/uploads\/2022\/06\/Susana-Caravaca-63-scaled.jpg\"><img loading=\"lazy\" class=\"wp-image-1256\" src=\".\/CURSO PERFECCIONAMIENTO EN MAQUILLAJE _ Susana Caravaca _ Escuela de Maquillaje, Est\u00e9tica y Peluquer\u00eda_files\/Susana-Caravaca-63-1200x800.jpg\" sizes=\"(max-width: 1200px) 100vw, 1200px\" srcset=\"https:\/\/susanacaravaca.com\/wp-content\/uploads\/2022\/06\/Susana-Caravaca-63-1200x800.jpg 1200w, https:\/\/susanacaravaca.com\/wp-content\/uploads\/2022\/06\/Susana-Caravaca-63-800x533.jpg 800w, https:\/\/susanacaravaca.com\/wp-content\/uploads\/2022\/06\/Susana-Caravaca-63-768x512.jpg 768w, https:\/\/susanacaravaca.com\/wp-content\/uploads\/2022\/06\/Susana-Caravaca-63-1536x1024.jpg 1536w, https:\/\/susanacaravaca.com\/wp-content\/uploads\/2022\/06\/Susana-Caravaca-63-250x167.jpg 250w, https:\/\/susanacaravaca.com\/wp-content\/uploads\/2022\/06\/Susana-Caravaca-63-430x287.jpg 430w\" alt=\"\" width=\"1200\" height=\"800\" data-id=\"1256\" data-full-url=\"https:\/\/susanacaravaca.com\/wp-content\/uploads\/2022\/06\/Susana-Caravaca-63-scaled.jpg\" data-link=\"https:\/\/susanacaravaca.com\/?attachment_id=1256\"><\/a><\/figure>\n<\/li>\n<\/ul>\n<\/figure>\n<p><!-- PAGE CONTENT : end --><\/p>\n<p><!-- CORE : end --><\/p>\n<p><!-- FOOTER : begin --><\/p>\n","protected":false},"excerpt":{"rendered":"<p>&nbsp; Si el maquillaje es tu pasi\u00f3n y quieres dedicarte al mundo de la est\u00e9tica, este es tu curso. En nuestra escuela, Susana Caravaca, aprender\u00e1s todo lo relacionado con las t\u00e9cnicas, higiene y creatividad del mundo del maquillaje. &nbsp; &nbsp; \u00a1TE LLAMAMOS! SOLICITA INFO &nbsp; &nbsp; &nbsp; El curso de maquillaje social es una formaci\u00f3n [&hellip;]<\/p>\n","protected":false},"author":2,"featured_media":0,"parent":0,"menu_order":0,"comment_status":"closed","ping_status":"closed","template":"","meta":{"ngg_post_thumbnail":0},"_links":{"self":[{"href":"https:\/\/susanacaravaca.com\/index.php?rest_route=\/wp\/v2\/pages\/1367"}],"collection":[{"href":"https:\/\/susanacaravaca.com\/index.php?rest_route=\/wp\/v2\/pages"}],"about":[{"href":"https:\/\/susanacaravaca.com\/index.php?rest_route=\/wp\/v2\/types\/page"}],"author":[{"embeddable":true,"href":"https:\/\/susanacaravaca.com\/index.php?rest_route=\/wp\/v2\/users\/2"}],"replies":[{"embeddable":true,"href":"https:\/\/susanacaravaca.com\/index.php?rest_route=%2Fwp%2Fv2%2Fcomments&post=1367"}],"version-history":[{"count":20,"href":"https:\/\/susanacaravaca.com\/index.php?rest_route=\/wp\/v2\/pages\/1367\/revisions"}],"predecessor-version":[{"id":1492,"href":"https:\/\/susanacaravaca.com\/index.php?rest_route=\/wp\/v2\/pages\/1367\/revisions\/1492"}],"wp:attachment":[{"href":"https:\/\/susanacaravaca.com\/index.php?rest_route=%2Fwp%2Fv2%2Fmedia&parent=1367"}],"curies":[{"name":"wp","href":"https:\/\/api.w.org\/{rel}","templated":true}]}}