{"id":1318,"date":"2023-07-14T11:30:20","date_gmt":"2023-07-14T11:30:20","guid":{"rendered":"https:\/\/susanacaravaca.com\/?page_id=1318"},"modified":"2023-07-14T11:39:45","modified_gmt":"2023-07-14T11:39:45","slug":"curso-corporal-tratamientos","status":"publish","type":"page","link":"https:\/\/susanacaravaca.com\/?page_id=1318","title":{"rendered":"CURSO CORPORAL TRATAMIENTOS"},"content":{"rendered":"<figure class=\"wp-block-image size-full\"><\/figure>\n<div id=\"attachment_1319\" style=\"width: 910px\" class=\"wp-caption aligncenter\"><a href=\"https:\/\/susanacaravaca.com\/wp-content\/uploads\/2023\/07\/spa-treatment-dark-wall-scaled.jpg\"><img aria-describedby=\"caption-attachment-1319\" loading=\"lazy\" class=\"wp-image-1319\" src=\"https:\/\/susanacaravaca.com\/wp-content\/uploads\/2023\/07\/spa-treatment-dark-wall-1200x800.jpg\" alt=\"\" width=\"900\" height=\"600\" srcset=\"https:\/\/susanacaravaca.com\/wp-content\/uploads\/2023\/07\/spa-treatment-dark-wall-1200x800.jpg 1200w, https:\/\/susanacaravaca.com\/wp-content\/uploads\/2023\/07\/spa-treatment-dark-wall-800x533.jpg 800w, https:\/\/susanacaravaca.com\/wp-content\/uploads\/2023\/07\/spa-treatment-dark-wall-768x512.jpg 768w, https:\/\/susanacaravaca.com\/wp-content\/uploads\/2023\/07\/spa-treatment-dark-wall-1536x1024.jpg 1536w, https:\/\/susanacaravaca.com\/wp-content\/uploads\/2023\/07\/spa-treatment-dark-wall-250x167.jpg 250w, https:\/\/susanacaravaca.com\/wp-content\/uploads\/2023\/07\/spa-treatment-dark-wall-430x287.jpg 430w\" sizes=\"(max-width: 900px) 100vw, 900px\" \/><\/a><p id=\"caption-attachment-1319\" class=\"wp-caption-text\">&nbsp;<\/p><\/div>\n<p>&nbsp;<\/p>\n<p><strong>\u00bfA QUI\u00c9N VA DIRIGIDO?<\/strong><\/p>\n<p>A toda persona que quiera convertirse en un profesional de la belleza.<br \/>\nDue\u00f1os de centros de est\u00e9tica.<br \/>\nPeluquer\u00edas que quieran ampliar servicio de tratamientos corporales.<br \/>\nProfesionales de la est\u00e9tica.<\/p>\n<p>En el se trabajar\u00e1:<\/p>\n<ul>\n<li>Masaje est\u00e9tico con terapias de bienestar<\/li>\n<li>Maderoterapia<\/li>\n<li>Terapia geotermal<\/li>\n<li>Peeling corporal<\/li>\n<li>Chocolaterapia<\/li>\n<li>Aparatolog\u00eda: presoterapia, gimnasia termal.<\/li>\n<\/ul>\n<p>&nbsp;<\/p>\n<p>Tratamientos est\u00e9ticos corporales aplicando las distintas t\u00e9cnicas en el aprendizaje tanto te\u00f3rico como pr\u00e1ctico.&nbsp;<\/p>\n<hr class=\"wp-block-separator is-style-wide\">\n<h2 class=\"has-text-align-left\"><span class=\"has-inline-color has-vivid-purple-color\">\u00a1TE LLAMAMOS! SOLICITA INFO<\/span><\/h2>\n<div role=\"form\" class=\"wpcf7\" id=\"wpcf7-f9-o1\" lang=\"es-ES\" dir=\"ltr\">\n<div class=\"screen-reader-response\"><p role=\"status\" aria-live=\"polite\" aria-atomic=\"true\"><\/p> <ul><\/ul><\/div>\n<form action=\"\/index.php?rest_route=%2Fwp%2Fv2%2Fpages%2F1318#wpcf7-f9-o1\" method=\"post\" class=\"wpcf7-form init\" novalidate=\"novalidate\" data-status=\"init\">\n<div style=\"display: none;\">\n<input type=\"hidden\" name=\"_wpcf7\" value=\"9\" \/>\n<input type=\"hidden\" name=\"_wpcf7_version\" value=\"5.5.1\" \/>\n<input type=\"hidden\" name=\"_wpcf7_locale\" value=\"es_ES\" \/>\n<input type=\"hidden\" name=\"_wpcf7_unit_tag\" value=\"wpcf7-f9-o1\" \/>\n<input type=\"hidden\" name=\"_wpcf7_container_post\" value=\"0\" \/>\n<input type=\"hidden\" name=\"_wpcf7_posted_data_hash\" value=\"\" \/>\n<\/div>\n<style>\n.formulario tr td {\n vertical-align:top;\nborder-width:0px 0px 0px !important;\ncolor:#644F98;\npadding-bottom:0px;\npadding-top:0px\n}<\/p>\n<\/style>\n<table class=\"formulario\">\n<tr>\n<td>NOMBRE*<\/td>\n<td>ASUNTO*<\/td>\n<\/tr>\n<tr>\n<td><span class=\"wpcf7-form-control-wrap your-name\"><input type=\"text\" name=\"your-name\" value=\"\" size=\"40\" class=\"wpcf7-form-control wpcf7-text wpcf7-validates-as-required\" aria-required=\"true\" aria-invalid=\"false\" \/><\/span><\/td>\n<td><span class=\"wpcf7-form-control-wrap your-subject\"><input type=\"text\" name=\"your-subject\" value=\"\" size=\"40\" class=\"wpcf7-form-control wpcf7-text wpcf7-validates-as-required\" aria-required=\"true\" aria-invalid=\"false\" \/><\/span><\/td>\n<\/tr>\n<tr>\n<td>EMAIL*<\/td>\n<td>MENSAJE*<\/td>\n<\/tr>\n<tr>\n<td><span class=\"wpcf7-form-control-wrap your-email\"><input type=\"email\" name=\"your-email\" value=\"\" size=\"40\" class=\"wpcf7-form-control wpcf7-text wpcf7-email wpcf7-validates-as-required wpcf7-validates-as-email\" aria-required=\"true\" aria-invalid=\"false\" \/><\/span><\/td>\n<td rowspan=\"3\"><span class=\"wpcf7-form-control-wrap your-message\"><textarea name=\"your-message\" cols=\"40\" rows=\"10\" class=\"wpcf7-form-control wpcf7-textarea wpcf7-validates-as-required\" aria-required=\"true\" aria-invalid=\"false\"><\/textarea><\/span><\/td>\n<\/tr>\n<tr>\n<td>TELEFONO*<\/td>\n<\/tr>\n<tr>\n<td><span class=\"wpcf7-form-control-wrap your-telephone\"><input type=\"tel\" name=\"your-telephone\" value=\"\" size=\"40\" class=\"wpcf7-form-control wpcf7-text wpcf7-tel wpcf7-validates-as-required wpcf7-validates-as-tel\" aria-required=\"true\" aria-invalid=\"false\" \/><\/span><\/td>\n<\/tr>\n<tr>\n<td><\/td>\n<td style=\"padding-top:5px\"><input type=\"submit\" value=\"ENVIAR\" class=\"wpcf7-form-control has-spinner wpcf7-submit\" \/><\/td>\n<\/tr>\n<\/table>\n<div class=\"wpcf7-response-output\" aria-hidden=\"true\"><\/div><\/form><\/div>\n<hr class=\"wp-block-separator is-style-wide\">\n<p class=\"has-text-align-center\"><em><span class=\"has-inline-color has-vivid-purple-color\"> Tres meses de formaci\u00f3n para tomar pr\u00e1ctica desde el primer momento y monetizar la inversi\u00f3n en tu centro de est\u00e9tica. <\/span> <\/em><\/p>\n<div class=\"wp-block-columns\">\n<div class=\"wp-block-column\" style=\"flex-basis: 33.33%;\">&nbsp;<\/div>\n<\/div>\n<hr class=\"wp-block-separator is-style-wide\">\n<div class=\"wp-block-columns\">\n<div class=\"wp-block-column\" style=\"flex-basis: 100%;\">\n<div class=\"wp-block-group alignfull eplus-eKmBFP\">\n<div class=\"wp-block-group__inner-container\">\n<div class=\"wp-block-columns eplus-eKRk5r\">\n<div class=\"wp-block-column is-vertically-aligned-center eplus-OYwhRQ\" style=\"flex-basis: 30%;\">\n<h2 class=\"eplus-Ir6zG4\"><strong>Profesional\u00edzate!<\/strong><\/h2>\n<p class=\"eplus-coBBU3\">El equipo docente de la escuela, liderado por <strong>Susana Caravaca<\/strong>, directora de la escuela y adem\u00e1s formadora en los institutos profesionales de la regi\u00f3n, engloba toda la formaci\u00f3n en <strong>terapias alternativas, est\u00e9tica y maquillaje.<\/strong><\/p>\n<p>&nbsp;<\/p>\n<\/div>\n<div class=\"wp-block-column is-vertically-aligned-center eplus-JCjdfn\">&nbsp;<\/div>\n<\/div>\n<\/div>\n<\/div>\n<hr class=\"wp-block-separator is-style-wide\">\n<h1>CURSO CORPORAL TRATAMIENTOS<\/h1>\n<ul>\n<li><strong>DURACI\u00d3N<\/strong>: 3 meses<\/li>\n<li><strong>FECHA<\/strong>: abierto plazo de matr\u00edcula para 2023<\/li>\n<li><strong>HORARIO<\/strong>: de 16:30 a 20:30 h.<\/li>\n<li><strong>D\u00cdAS<\/strong>: martes por la tarde<\/li>\n<li><strong>PRECIO<\/strong>: 200 \u20ac matr\u00edcula; 250\u20ac\/al mes. (Total 750\u20ac repartido en 3 cuotas)<\/li>\n<li><strong><strong>TEMARIO:&nbsp;<\/strong><\/strong>Masaje est\u00e9tico con terapias de bienestar, maderoterapia,&nbsp; terapia geotermal, peeling corporal, chocolaterapia, aparatolog\u00eda: presoterapia, gimnasia termal.<\/li>\n<\/ul>\n<\/div>\n<\/div>\n<p>&nbsp;<\/p>\n<p>no se han encontrado im\u00e1genes<\/p>\n\n<p>&nbsp;<\/p>\n","protected":false},"excerpt":{"rendered":"<p>&nbsp; \u00bfA QUI\u00c9N VA DIRIGIDO? A toda persona que quiera convertirse en un profesional de la belleza. Due\u00f1os de centros de est\u00e9tica. Peluquer\u00edas que quieran ampliar servicio de tratamientos corporales. Profesionales de la est\u00e9tica. En el se trabajar\u00e1: Masaje est\u00e9tico con terapias de bienestar Maderoterapia Terapia geotermal Peeling corporal Chocolaterapia Aparatolog\u00eda: presoterapia, gimnasia termal. &nbsp; [&hellip;]<\/p>\n","protected":false},"author":2,"featured_media":0,"parent":0,"menu_order":0,"comment_status":"closed","ping_status":"closed","template":"","meta":{"ngg_post_thumbnail":0},"_links":{"self":[{"href":"https:\/\/susanacaravaca.com\/index.php?rest_route=\/wp\/v2\/pages\/1318"}],"collection":[{"href":"https:\/\/susanacaravaca.com\/index.php?rest_route=\/wp\/v2\/pages"}],"about":[{"href":"https:\/\/susanacaravaca.com\/index.php?rest_route=\/wp\/v2\/types\/page"}],"author":[{"embeddable":true,"href":"https:\/\/susanacaravaca.com\/index.php?rest_route=\/wp\/v2\/users\/2"}],"replies":[{"embeddable":true,"href":"https:\/\/susanacaravaca.com\/index.php?rest_route=%2Fwp%2Fv2%2Fcomments&post=1318"}],"version-history":[{"count":11,"href":"https:\/\/susanacaravaca.com\/index.php?rest_route=\/wp\/v2\/pages\/1318\/revisions"}],"predecessor-version":[{"id":1340,"href":"https:\/\/susanacaravaca.com\/index.php?rest_route=\/wp\/v2\/pages\/1318\/revisions\/1340"}],"wp:attachment":[{"href":"https:\/\/susanacaravaca.com\/index.php?rest_route=%2Fwp%2Fv2%2Fmedia&parent=1318"}],"curies":[{"name":"wp","href":"https:\/\/api.w.org\/{rel}","templated":true}]}}