{"id":1243,"date":"2023-04-29T05:12:35","date_gmt":"2023-04-29T05:12:35","guid":{"rendered":"https:\/\/susanacaravaca.com\/?page_id=1243"},"modified":"2023-07-19T17:01:01","modified_gmt":"2023-07-19T17:01:01","slug":"curso-estetica-oncologica","status":"publish","type":"page","link":"https:\/\/susanacaravaca.com\/?page_id=1243","title":{"rendered":"CURSO EST\u00c9TICA ONCOL\u00d3GICA"},"content":{"rendered":"<figure class=\"wp-block-gallery columns-1 is-cropped\">\n<figure><a href=\"https:\/\/susanacaravaca.com\/wp-content\/uploads\/2023\/07\/portrait-middle-aged-woman-with-skin-cancer-scaled.jpg\"><img loading=\"lazy\" class=\"aligncenter wp-image-1311 size-large\" src=\"https:\/\/susanacaravaca.com\/wp-content\/uploads\/2023\/07\/portrait-middle-aged-woman-with-skin-cancer-1200x800.jpg\" alt=\"\" width=\"750\" height=\"500\" srcset=\"https:\/\/susanacaravaca.com\/wp-content\/uploads\/2023\/07\/portrait-middle-aged-woman-with-skin-cancer-1200x800.jpg 1200w, https:\/\/susanacaravaca.com\/wp-content\/uploads\/2023\/07\/portrait-middle-aged-woman-with-skin-cancer-800x533.jpg 800w, https:\/\/susanacaravaca.com\/wp-content\/uploads\/2023\/07\/portrait-middle-aged-woman-with-skin-cancer-768x512.jpg 768w, https:\/\/susanacaravaca.com\/wp-content\/uploads\/2023\/07\/portrait-middle-aged-woman-with-skin-cancer-1536x1024.jpg 1536w, https:\/\/susanacaravaca.com\/wp-content\/uploads\/2023\/07\/portrait-middle-aged-woman-with-skin-cancer-250x167.jpg 250w, https:\/\/susanacaravaca.com\/wp-content\/uploads\/2023\/07\/portrait-middle-aged-woman-with-skin-cancer-430x287.jpg 430w\" sizes=\"(max-width: 750px) 100vw, 750px\" \/><\/a><\/figure>\n<\/figure>\n<p><strong>Curso especial para profesionales de la est\u00e9tica, el maquillaje y la belleza que quieran implementar un tratamiento enfocado a la paciente oncol\u00f3gica. <\/strong>En nuestra escuela, <strong><span class=\"has-inline-color has-vivid-purple-color\">Susana Caravaca<\/span><\/strong>, aprender\u00e1s todo lo relacionado con las <strong>t\u00e9cnicas. <\/strong><\/p>\n<hr class=\"wp-block-separator is-style-wide\">\n<figure class=\"wp-block-gallery columns-2 is-cropped\">\n<ul class=\"blocks-gallery-grid\">\n<li class=\"blocks-gallery-item\">\n<figure><a href=\"https:\/\/susanacaravaca.com\/wp-content\/uploads\/2023\/04\/attractive-woman-getting-face-beauty-procedures-spa-salon-1536x1025-1.jpg\"><img loading=\"lazy\" class=\"alignnone size-medium wp-image-1247\" src=\"https:\/\/susanacaravaca.com\/wp-content\/uploads\/2023\/04\/attractive-woman-getting-face-beauty-procedures-spa-salon-1536x1025-1-800x534.jpg\" alt=\"\" width=\"800\" height=\"534\" srcset=\"https:\/\/susanacaravaca.com\/wp-content\/uploads\/2023\/04\/attractive-woman-getting-face-beauty-procedures-spa-salon-1536x1025-1-800x534.jpg 800w, https:\/\/susanacaravaca.com\/wp-content\/uploads\/2023\/04\/attractive-woman-getting-face-beauty-procedures-spa-salon-1536x1025-1-1200x801.jpg 1200w, https:\/\/susanacaravaca.com\/wp-content\/uploads\/2023\/04\/attractive-woman-getting-face-beauty-procedures-spa-salon-1536x1025-1-768x513.jpg 768w, https:\/\/susanacaravaca.com\/wp-content\/uploads\/2023\/04\/attractive-woman-getting-face-beauty-procedures-spa-salon-1536x1025-1-250x167.jpg 250w, https:\/\/susanacaravaca.com\/wp-content\/uploads\/2023\/04\/attractive-woman-getting-face-beauty-procedures-spa-salon-1536x1025-1-430x287.jpg 430w, https:\/\/susanacaravaca.com\/wp-content\/uploads\/2023\/04\/attractive-woman-getting-face-beauty-procedures-spa-salon-1536x1025-1.jpg 1536w\" sizes=\"(max-width: 800px) 100vw, 800px\" \/><\/a><\/figure>\n<\/li>\n<li class=\"blocks-gallery-item\">\n<figure><a href=\"https:\/\/susanacaravaca.com\/wp-content\/uploads\/2023\/04\/high-angle-woman-doing-manicure-client-1536x1024-1.jpg\"><img loading=\"lazy\" class=\"alignnone size-medium wp-image-1246\" src=\"https:\/\/susanacaravaca.com\/wp-content\/uploads\/2023\/04\/high-angle-woman-doing-manicure-client-1536x1024-1-800x533.jpg\" alt=\"\" width=\"800\" height=\"533\" srcset=\"https:\/\/susanacaravaca.com\/wp-content\/uploads\/2023\/04\/high-angle-woman-doing-manicure-client-1536x1024-1-800x533.jpg 800w, https:\/\/susanacaravaca.com\/wp-content\/uploads\/2023\/04\/high-angle-woman-doing-manicure-client-1536x1024-1-1200x800.jpg 1200w, https:\/\/susanacaravaca.com\/wp-content\/uploads\/2023\/04\/high-angle-woman-doing-manicure-client-1536x1024-1-768x512.jpg 768w, https:\/\/susanacaravaca.com\/wp-content\/uploads\/2023\/04\/high-angle-woman-doing-manicure-client-1536x1024-1-250x167.jpg 250w, https:\/\/susanacaravaca.com\/wp-content\/uploads\/2023\/04\/high-angle-woman-doing-manicure-client-1536x1024-1-430x287.jpg 430w, https:\/\/susanacaravaca.com\/wp-content\/uploads\/2023\/04\/high-angle-woman-doing-manicure-client-1536x1024-1.jpg 1536w\" sizes=\"(max-width: 800px) 100vw, 800px\" \/><\/a><\/figure>\n<\/li>\n<\/ul>\n<\/figure>\n<hr class=\"wp-block-separator is-style-wide\">\n<h2 class=\"has-text-align-left\"><span class=\"has-inline-color has-vivid-purple-color\">\u00a1TE LLAMAMOS! SOLICITA INFO<\/span><\/h2>\n<div role=\"form\" class=\"wpcf7\" id=\"wpcf7-f9-o1\" lang=\"es-ES\" dir=\"ltr\">\n<div class=\"screen-reader-response\"><p role=\"status\" aria-live=\"polite\" aria-atomic=\"true\"><\/p> <ul><\/ul><\/div>\n<form action=\"\/index.php?rest_route=%2Fwp%2Fv2%2Fpages%2F1243#wpcf7-f9-o1\" method=\"post\" class=\"wpcf7-form init\" novalidate=\"novalidate\" data-status=\"init\">\n<div style=\"display: none;\">\n<input type=\"hidden\" name=\"_wpcf7\" value=\"9\" \/>\n<input type=\"hidden\" name=\"_wpcf7_version\" value=\"5.5.1\" \/>\n<input type=\"hidden\" name=\"_wpcf7_locale\" value=\"es_ES\" \/>\n<input type=\"hidden\" name=\"_wpcf7_unit_tag\" value=\"wpcf7-f9-o1\" \/>\n<input type=\"hidden\" name=\"_wpcf7_container_post\" value=\"0\" \/>\n<input type=\"hidden\" name=\"_wpcf7_posted_data_hash\" value=\"\" \/>\n<\/div>\n<style>\n.formulario tr td {\n vertical-align:top;\nborder-width:0px 0px 0px !important;\ncolor:#644F98;\npadding-bottom:0px;\npadding-top:0px\n}<\/p>\n<\/style>\n<table class=\"formulario\">\n<tr>\n<td>NOMBRE*<\/td>\n<td>ASUNTO*<\/td>\n<\/tr>\n<tr>\n<td><span class=\"wpcf7-form-control-wrap your-name\"><input type=\"text\" name=\"your-name\" value=\"\" size=\"40\" class=\"wpcf7-form-control wpcf7-text wpcf7-validates-as-required\" aria-required=\"true\" aria-invalid=\"false\" \/><\/span><\/td>\n<td><span class=\"wpcf7-form-control-wrap your-subject\"><input type=\"text\" name=\"your-subject\" value=\"\" size=\"40\" class=\"wpcf7-form-control wpcf7-text wpcf7-validates-as-required\" aria-required=\"true\" aria-invalid=\"false\" \/><\/span><\/td>\n<\/tr>\n<tr>\n<td>EMAIL*<\/td>\n<td>MENSAJE*<\/td>\n<\/tr>\n<tr>\n<td><span class=\"wpcf7-form-control-wrap your-email\"><input type=\"email\" name=\"your-email\" value=\"\" size=\"40\" class=\"wpcf7-form-control wpcf7-text wpcf7-email wpcf7-validates-as-required wpcf7-validates-as-email\" aria-required=\"true\" aria-invalid=\"false\" \/><\/span><\/td>\n<td rowspan=\"3\"><span class=\"wpcf7-form-control-wrap your-message\"><textarea name=\"your-message\" cols=\"40\" rows=\"10\" class=\"wpcf7-form-control wpcf7-textarea wpcf7-validates-as-required\" aria-required=\"true\" aria-invalid=\"false\"><\/textarea><\/span><\/td>\n<\/tr>\n<tr>\n<td>TELEFONO*<\/td>\n<\/tr>\n<tr>\n<td><span class=\"wpcf7-form-control-wrap your-telephone\"><input type=\"tel\" name=\"your-telephone\" value=\"\" size=\"40\" class=\"wpcf7-form-control wpcf7-text wpcf7-tel wpcf7-validates-as-required wpcf7-validates-as-tel\" aria-required=\"true\" aria-invalid=\"false\" \/><\/span><\/td>\n<\/tr>\n<tr>\n<td><\/td>\n<td style=\"padding-top:5px\"><input type=\"submit\" value=\"ENVIAR\" class=\"wpcf7-form-control has-spinner wpcf7-submit\" \/><\/td>\n<\/tr>\n<\/table>\n<div class=\"wpcf7-response-output\" aria-hidden=\"true\"><\/div><\/form><\/div>\n<hr class=\"wp-block-separator is-style-wide\">\n<p>El curso dirigido a profesionales o al menos con una titulaci\u00f3n previa en maquillaje, est\u00e9tica o terapias, se impartir\u00e1n conceptos exclusivos en anatom\u00eda y fisiolog\u00eda, definici\u00f3n de c\u00e1ncer y sus tipos. H\u00e1bitos de vida saludable, seguridad e higiene en los tratamientos. Trato paciente oncol\u00f3gico, sensibilizaci\u00f3n y conocimiento del estado del cliente en tratamiento.<\/p>\n<hr class=\"wp-block-separator is-style-wide\">\n<figure class=\"wp-block-gallery columns-1 is-cropped\">\n<ul class=\"blocks-gallery-grid\">\n<li class=\"blocks-gallery-item\"><a href=\"https:\/\/susanacaravaca.com\/wp-content\/uploads\/2023\/07\/naked-woman-covering-herself-scaled-1.jpg\"><img loading=\"lazy\" class=\" wp-image-1309\" src=\"https:\/\/susanacaravaca.com\/wp-content\/uploads\/2023\/07\/naked-woman-covering-herself-scaled-1.jpg\" alt=\"\" width=\"645\" height=\"372\"><\/a><br \/>\n<figure><\/figure>\n<\/li>\n<\/ul>\n<\/figure>\n<hr class=\"wp-block-separator is-style-wide\">\n<p>No solo el cuidado de manos y u\u00f1as, este curso es \u00fatil para prevenir problemas de la piel como dermatitis y onicopat\u00edas propias de los pacientes con c\u00e1ncer, la limpieza facial y el tratamiento relajante forman parte de las propuestas, as\u00ed como tambi\u00e9n la posibilidad de contar con consejos y comparativa sobre qu\u00e9 productos no son t\u00f3xicos. La preferencia de reducir la probabilidad de reacciones en la piel, sobre c\u00f3mo usar maquillaje para realzar u ocultar sus rasgos, siendo una parte importante de la formaci\u00f3n.<\/p>\n<p>El equipo docente de la escuela, liderado por <strong><span class=\"has-inline-color has-vivid-purple-color\">Susana Caravaca<\/span><\/strong>, directora de la escuela y adem\u00e1s formadora en los institutos profesionales de la regi\u00f3n, engloba toda la formaci\u00f3n en <strong>belleza, est\u00e9tica y terapias manuales enfocadas al paciente oncol\u00f3gico.<\/strong><\/p>\n<hr class=\"wp-block-separator is-style-wide\">\n<figure class=\"wp-block-gallery columns-2 is-cropped\">\n<ul class=\"blocks-gallery-grid\">\n<li class=\"blocks-gallery-item\">\n<figure><a href=\"https:\/\/susanacaravaca.com\/wp-content\/uploads\/2023\/04\/EsteticaOncologica.jpg\"><img loading=\"lazy\" class=\"alignnone size-medium wp-image-1245\" src=\"https:\/\/susanacaravaca.com\/wp-content\/uploads\/2023\/04\/EsteticaOncologica-800x687.jpg\" alt=\"\" width=\"800\" height=\"687\" srcset=\"https:\/\/susanacaravaca.com\/wp-content\/uploads\/2023\/04\/EsteticaOncologica-800x687.jpg 800w, https:\/\/susanacaravaca.com\/wp-content\/uploads\/2023\/04\/EsteticaOncologica-768x660.jpg 768w, https:\/\/susanacaravaca.com\/wp-content\/uploads\/2023\/04\/EsteticaOncologica-250x215.jpg 250w, https:\/\/susanacaravaca.com\/wp-content\/uploads\/2023\/04\/EsteticaOncologica-430x369.jpg 430w, https:\/\/susanacaravaca.com\/wp-content\/uploads\/2023\/04\/EsteticaOncologica.jpg 1080w\" sizes=\"(max-width: 800px) 100vw, 800px\" \/><\/a><\/figure>\n<\/li>\n<\/ul>\n<\/figure>\n<hr class=\"wp-block-separator is-style-wide\">\n<h1>CURSO EST\u00c9TICA ONCOL\u00d3GICA<\/h1>\n<ul>\n<li><strong>DURACI\u00d3N<\/strong>: 9 meses<\/li>\n<li><strong>FECHA<\/strong>: del 2 de octubre de 2023 al 24 de junio2024<\/li>\n<li><strong>HORARIO<\/strong>: de 16:00 a 20:00 horas<\/li>\n<li><strong>D\u00cdAS<\/strong>: lunes<\/li>\n<li><strong>PRECIO<\/strong>: 250 matricula \/ 250 mensualidad<\/li>\n<li><strong>TEMARIO<\/strong>:<\/li>\n<\/ul>\n<p>LA PIEL: alteraciones relacionadas con el tratamiento oncologico, diagn\u00f3stico de pieles, tratamientos faciales.<\/p>\n<p>LA U\u00d1A: estructura y funciones, alteraciones relacionadas con el tratamiento oncologico, diagn\u00f3stico y tratamiento manos y pies.<\/p>\n<p>FACIAL: tratamientos faciales con la cosmetologia y aparatologia adecuada<\/p>\n<p>MAQUILLAJE: el maquillaje en pieles delicadas, auto-maquillaje, modelado y cosm\u00e9tica apropiada.<\/p>\n<p>CORPORAL: tratamientos corporales de bienestar, terapia geotermal, reflexolog\u00eda p\u00f3dal, iniciaci\u00f3n al masaje thaylandes, masaje neurosedante y drenaje.<\/p>\n<p>Maquillaje: automaquillaje y pr\u00e1ctica con pacientes oncol\u00f3gicas.<\/p>\n<p>Corporal: masajes y t\u00e9cnicas de masaje en personas reales.<\/p>\n<p>Est\u00e9tica: tratamientos y pr\u00e1ctica de faciales para personas enfermas.<\/p>\n<hr class=\"wp-block-separator is-style-wide\">\n<figure class=\"wp-block-gallery columns-3 is-cropped\">&nbsp;<\/p>\n<ul class=\"blocks-gallery-grid\">\n<li class=\"blocks-gallery-item\">\n<figure><a href=\"https:\/\/web.archive.org\/web\/20230128060210\/https:\/\/susanacaravaca.com\/wp-content\/uploads\/2022\/10\/interior_1_cancer_mama.jpg\"><img loading=\"lazy\" class=\"wp-image-1420\" src=\"https:\/\/web.archive.org\/web\/20230128060210im_\/https:\/\/susanacaravaca.com\/wp-content\/uploads\/2022\/10\/interior_1_cancer_mama.jpg\" sizes=\"(max-width: 888px) 100vw, 888px\" srcset=\"https:\/\/web.archive.org\/web\/20230128060210im_\/https:\/\/susanacaravaca.com\/wp-content\/uploads\/2022\/10\/interior_1_cancer_mama.jpg 888w, https:\/\/web.archive.org\/web\/20230128060210im_\/https:\/\/susanacaravaca.com\/wp-content\/uploads\/2022\/10\/interior_1_cancer_mama-800x885.jpg 800w, https:\/\/web.archive.org\/web\/20230128060210im_\/https:\/\/susanacaravaca.com\/wp-content\/uploads\/2022\/10\/interior_1_cancer_mama-768x849.jpg 768w, https:\/\/web.archive.org\/web\/20230128060210im_\/https:\/\/susanacaravaca.com\/wp-content\/uploads\/2022\/10\/interior_1_cancer_mama-250x276.jpg 250w, https:\/\/web.archive.org\/web\/20230128060210im_\/https:\/\/susanacaravaca.com\/wp-content\/uploads\/2022\/10\/interior_1_cancer_mama-430x476.jpg 430w\" alt=\"\" width=\"888\" height=\"982\" data-id=\"1420\" data-full-url=\"https:\/\/web.archive.org\/web\/20230128060210\/https:\/\/susanacaravaca.com\/wp-content\/uploads\/2022\/10\/interior_1_cancer_mama.jpg\" data-link=\"https:\/\/web.archive.org\/web\/20230128060210\/https:\/\/susanacaravaca.com\/?attachment_id=1420\"><\/a><\/figure>\n<\/li>\n<\/ul>\n<\/figure>\n<p>PR\u00c1CTICAS<\/p>\n<p>Maquillaje: automaquillaje y pr\u00e1ctica con pacientes oncol\u00f3gicas.<\/p>\n<p>Corporal: masajes y t\u00e9cnicas de masaje en personas reales.<\/p>\n<p>Est\u00e9tica: tratamientos y pr\u00e1ctica de faciales para personas enfermas.<\/p>\n<p><!-- PAGE CONTENT : end --><\/p>\n","protected":false},"excerpt":{"rendered":"<p>Curso especial para profesionales de la est\u00e9tica, el maquillaje y la belleza que quieran implementar un tratamiento enfocado a la paciente oncol\u00f3gica. En nuestra escuela, Susana Caravaca, aprender\u00e1s todo lo relacionado con las t\u00e9cnicas. \u00a1TE LLAMAMOS! SOLICITA INFO El curso dirigido a profesionales o al menos con una titulaci\u00f3n previa en maquillaje, est\u00e9tica o terapias, [&hellip;]<\/p>\n","protected":false},"author":2,"featured_media":0,"parent":0,"menu_order":0,"comment_status":"closed","ping_status":"closed","template":"","meta":{"ngg_post_thumbnail":0},"_links":{"self":[{"href":"https:\/\/susanacaravaca.com\/index.php?rest_route=\/wp\/v2\/pages\/1243"}],"collection":[{"href":"https:\/\/susanacaravaca.com\/index.php?rest_route=\/wp\/v2\/pages"}],"about":[{"href":"https:\/\/susanacaravaca.com\/index.php?rest_route=\/wp\/v2\/types\/page"}],"author":[{"embeddable":true,"href":"https:\/\/susanacaravaca.com\/index.php?rest_route=\/wp\/v2\/users\/2"}],"replies":[{"embeddable":true,"href":"https:\/\/susanacaravaca.com\/index.php?rest_route=%2Fwp%2Fv2%2Fcomments&post=1243"}],"version-history":[{"count":11,"href":"https:\/\/susanacaravaca.com\/index.php?rest_route=\/wp\/v2\/pages\/1243\/revisions"}],"predecessor-version":[{"id":1395,"href":"https:\/\/susanacaravaca.com\/index.php?rest_route=\/wp\/v2\/pages\/1243\/revisions\/1395"}],"wp:attachment":[{"href":"https:\/\/susanacaravaca.com\/index.php?rest_route=%2Fwp%2Fv2%2Fmedia&parent=1243"}],"curies":[{"name":"wp","href":"https:\/\/api.w.org\/{rel}","templated":true}]}}