{"id":1214,"date":"2023-04-28T21:03:58","date_gmt":"2023-04-28T21:03:58","guid":{"rendered":"https:\/\/susanacaravaca.com\/?page_id=1214"},"modified":"2023-07-19T10:58:14","modified_gmt":"2023-07-19T10:58:14","slug":"curso-maderoterapia","status":"publish","type":"page","link":"https:\/\/susanacaravaca.com\/?page_id=1214","title":{"rendered":"CURSO MADEROTERAPIA"},"content":{"rendered":"<figure class=\"wp-block-image size-large\"><a href=\"https:\/\/susanacaravaca.com\/wp-content\/uploads\/2023\/04\/portada-maderoterapia-02-1536x483-1.jpg\"><img loading=\"lazy\" class=\"alignnone size-medium wp-image-1221\" src=\"https:\/\/susanacaravaca.com\/wp-content\/uploads\/2023\/04\/portada-maderoterapia-02-1536x483-1-800x252.jpg\" alt=\"\" width=\"800\" height=\"252\" srcset=\"https:\/\/susanacaravaca.com\/wp-content\/uploads\/2023\/04\/portada-maderoterapia-02-1536x483-1-800x252.jpg 800w, https:\/\/susanacaravaca.com\/wp-content\/uploads\/2023\/04\/portada-maderoterapia-02-1536x483-1-1200x377.jpg 1200w, https:\/\/susanacaravaca.com\/wp-content\/uploads\/2023\/04\/portada-maderoterapia-02-1536x483-1-768x242.jpg 768w, https:\/\/susanacaravaca.com\/wp-content\/uploads\/2023\/04\/portada-maderoterapia-02-1536x483-1-250x79.jpg 250w, https:\/\/susanacaravaca.com\/wp-content\/uploads\/2023\/04\/portada-maderoterapia-02-1536x483-1-430x135.jpg 430w, https:\/\/susanacaravaca.com\/wp-content\/uploads\/2023\/04\/portada-maderoterapia-02-1536x483-1.jpg 1536w\" sizes=\"(max-width: 800px) 100vw, 800px\" \/><\/a><\/figure>\n<p><strong>\u00bfA QUI\u00c9N VA DIRIGIDO?<\/strong><\/p>\n<p>A toda persona que quiera convertirse en un profesional de la belleza.<br \/>\nDue\u00f1os de centros de est\u00e9tica.<br \/>\nFisioterapeutas.<br \/>\nOste\u00f3patas.<br \/>\nEntrenadores personales y coach.<br \/>\nEmprendedores.<br \/>\nAmantes de la belleza y el cuidado personal.<\/p>\n<figure class=\"wp-block-gallery columns-3 is-cropped\">\n<ul class=\"blocks-gallery-grid\">\n<li class=\"blocks-gallery-item\">\n<figure><a href=\"https:\/\/susanacaravaca.com\/wp-content\/uploads\/2023\/04\/champinones-para-tratamientos-de-maderoterapia.jpg\"><img loading=\"lazy\" class=\"alignnone size-full wp-image-1220\" src=\"https:\/\/susanacaravaca.com\/wp-content\/uploads\/2023\/04\/champinones-para-tratamientos-de-maderoterapia.jpg\" alt=\"\" width=\"330\" height=\"330\" srcset=\"https:\/\/susanacaravaca.com\/wp-content\/uploads\/2023\/04\/champinones-para-tratamientos-de-maderoterapia.jpg 330w, https:\/\/susanacaravaca.com\/wp-content\/uploads\/2023\/04\/champinones-para-tratamientos-de-maderoterapia-300x300.jpg 300w, https:\/\/susanacaravaca.com\/wp-content\/uploads\/2023\/04\/champinones-para-tratamientos-de-maderoterapia-150x150.jpg 150w, https:\/\/susanacaravaca.com\/wp-content\/uploads\/2023\/04\/champinones-para-tratamientos-de-maderoterapia-250x250.jpg 250w\" sizes=\"(max-width: 330px) 100vw, 330px\" \/><\/a><\/figure>\n<\/li>\n<li class=\"blocks-gallery-item\">\n<figure><a href=\"https:\/\/susanacaravaca.com\/wp-content\/uploads\/2023\/04\/15343063808281.jpg\"><img loading=\"lazy\" class=\"alignnone size-medium wp-image-1222\" src=\"https:\/\/susanacaravaca.com\/wp-content\/uploads\/2023\/04\/15343063808281-800x530.jpg\" alt=\"\" width=\"800\" height=\"530\" srcset=\"https:\/\/susanacaravaca.com\/wp-content\/uploads\/2023\/04\/15343063808281-800x530.jpg 800w, https:\/\/susanacaravaca.com\/wp-content\/uploads\/2023\/04\/15343063808281-768x509.jpg 768w, https:\/\/susanacaravaca.com\/wp-content\/uploads\/2023\/04\/15343063808281-250x166.jpg 250w, https:\/\/susanacaravaca.com\/wp-content\/uploads\/2023\/04\/15343063808281-430x285.jpg 430w, https:\/\/susanacaravaca.com\/wp-content\/uploads\/2023\/04\/15343063808281.jpg 1024w\" sizes=\"(max-width: 800px) 100vw, 800px\" \/><\/a><\/figure>\n<\/li>\n<li class=\"blocks-gallery-item\">\n<figure><a href=\"https:\/\/web.archive.org\/web\/20230128055144\/https:\/\/susanacaravaca.com\/wp-content\/uploads\/2023\/01\/aplicacion-maderoterapia.jpg\"><img loading=\"lazy\" class=\"wp-image-1510\" src=\"https:\/\/web.archive.org\/web\/20230128055144im_\/https:\/\/susanacaravaca.com\/wp-content\/uploads\/2023\/01\/aplicacion-maderoterapia.jpg\" sizes=\"(max-width: 1200px) 100vw, 1200px\" srcset=\"https:\/\/web.archive.org\/web\/20230128055144im_\/https:\/\/susanacaravaca.com\/wp-content\/uploads\/2023\/01\/aplicacion-maderoterapia.jpg 1200w, https:\/\/web.archive.org\/web\/20230128055144im_\/https:\/\/susanacaravaca.com\/wp-content\/uploads\/2023\/01\/aplicacion-maderoterapia-800x533.jpg 800w, https:\/\/web.archive.org\/web\/20230128055144im_\/https:\/\/susanacaravaca.com\/wp-content\/uploads\/2023\/01\/aplicacion-maderoterapia-768x512.jpg 768w, https:\/\/web.archive.org\/web\/20230128055144im_\/https:\/\/susanacaravaca.com\/wp-content\/uploads\/2023\/01\/aplicacion-maderoterapia-250x167.jpg 250w, https:\/\/web.archive.org\/web\/20230128055144im_\/https:\/\/susanacaravaca.com\/wp-content\/uploads\/2023\/01\/aplicacion-maderoterapia-430x287.jpg 430w\" alt=\"\" width=\"1200\" height=\"800\" data-id=\"1510\" data-full-url=\"https:\/\/web.archive.org\/web\/20230128055144\/https:\/\/susanacaravaca.com\/wp-content\/uploads\/2023\/01\/aplicacion-maderoterapia.jpg\" data-link=\"https:\/\/web.archive.org\/web\/20230128055144\/https:\/\/susanacaravaca.com\/?attachment_id=1510\"><\/a><\/figure>\n<\/li>\n<\/ul>\n<\/figure>\n<p><strong>PROGRAMA:<\/strong><\/p>\n<p>Con este curso aprender\u00e1s conceptos b\u00e1sicos de la maderoterapia.<\/p>\n<p>Origen y definici\u00f3n, fases del tratamiento y contraindicaciones.<\/p>\n<p>Tipo de maderas, orden y uso, as\u00ed como la importancia de la ergonom\u00eda.<br \/>\nExplicaci\u00f3n y uso del rodillo bocelado, mazorca, rodillo de cuatro cubos, champi\u00f1\u00f3n masajeador, copa sueca con rodillo y uso de la tabla moldeadora.<\/p>\n<p>Preparaci\u00f3n de la piel, drenaje linf\u00e1tico, aplicaci\u00f3n de aceite y activaci\u00f3n del sistema linf\u00e1tico.<\/p>\n<p>Tratamiento completo en piernas, muslos delanteros, gl\u00fateos. Reducci\u00f3n y moldeamiento de espalda. Tratamiento de abdomen y brazos.<\/p>\n<hr class=\"wp-block-separator is-style-wide\">\n<hr class=\"wp-block-separator is-style-wide\">\n<h2 class=\"has-text-align-left\"><span class=\"has-inline-color has-vivid-purple-color\">\u00a1TE LLAMAMOS! SOLICITA INFO<\/span><\/h2>\n<div role=\"form\" class=\"wpcf7\" id=\"wpcf7-f9-o1\" lang=\"es-ES\" dir=\"ltr\">\n<div class=\"screen-reader-response\"><p role=\"status\" aria-live=\"polite\" aria-atomic=\"true\"><\/p> <ul><\/ul><\/div>\n<form action=\"\/index.php?rest_route=%2Fwp%2Fv2%2Fpages%2F1214#wpcf7-f9-o1\" method=\"post\" class=\"wpcf7-form init\" novalidate=\"novalidate\" data-status=\"init\">\n<div style=\"display: none;\">\n<input type=\"hidden\" name=\"_wpcf7\" value=\"9\" \/>\n<input type=\"hidden\" name=\"_wpcf7_version\" value=\"5.5.1\" \/>\n<input type=\"hidden\" name=\"_wpcf7_locale\" value=\"es_ES\" \/>\n<input type=\"hidden\" name=\"_wpcf7_unit_tag\" value=\"wpcf7-f9-o1\" \/>\n<input type=\"hidden\" name=\"_wpcf7_container_post\" value=\"0\" \/>\n<input type=\"hidden\" name=\"_wpcf7_posted_data_hash\" value=\"\" \/>\n<\/div>\n<style>\n.formulario tr td {\n vertical-align:top;\nborder-width:0px 0px 0px !important;\ncolor:#644F98;\npadding-bottom:0px;\npadding-top:0px\n}<\/p>\n<\/style>\n<table class=\"formulario\">\n<tr>\n<td>NOMBRE*<\/td>\n<td>ASUNTO*<\/td>\n<\/tr>\n<tr>\n<td><span class=\"wpcf7-form-control-wrap your-name\"><input type=\"text\" name=\"your-name\" value=\"\" size=\"40\" class=\"wpcf7-form-control wpcf7-text wpcf7-validates-as-required\" aria-required=\"true\" aria-invalid=\"false\" \/><\/span><\/td>\n<td><span class=\"wpcf7-form-control-wrap your-subject\"><input type=\"text\" name=\"your-subject\" value=\"\" size=\"40\" class=\"wpcf7-form-control wpcf7-text wpcf7-validates-as-required\" aria-required=\"true\" aria-invalid=\"false\" \/><\/span><\/td>\n<\/tr>\n<tr>\n<td>EMAIL*<\/td>\n<td>MENSAJE*<\/td>\n<\/tr>\n<tr>\n<td><span class=\"wpcf7-form-control-wrap your-email\"><input type=\"email\" name=\"your-email\" value=\"\" size=\"40\" class=\"wpcf7-form-control wpcf7-text wpcf7-email wpcf7-validates-as-required wpcf7-validates-as-email\" aria-required=\"true\" aria-invalid=\"false\" \/><\/span><\/td>\n<td rowspan=\"3\"><span class=\"wpcf7-form-control-wrap your-message\"><textarea name=\"your-message\" cols=\"40\" rows=\"10\" class=\"wpcf7-form-control wpcf7-textarea wpcf7-validates-as-required\" aria-required=\"true\" aria-invalid=\"false\"><\/textarea><\/span><\/td>\n<\/tr>\n<tr>\n<td>TELEFONO*<\/td>\n<\/tr>\n<tr>\n<td><span class=\"wpcf7-form-control-wrap your-telephone\"><input type=\"tel\" name=\"your-telephone\" value=\"\" size=\"40\" class=\"wpcf7-form-control wpcf7-text wpcf7-tel wpcf7-validates-as-required wpcf7-validates-as-tel\" aria-required=\"true\" aria-invalid=\"false\" \/><\/span><\/td>\n<\/tr>\n<tr>\n<td><\/td>\n<td style=\"padding-top:5px\"><input type=\"submit\" value=\"ENVIAR\" class=\"wpcf7-form-control has-spinner wpcf7-submit\" \/><\/td>\n<\/tr>\n<\/table>\n<div class=\"wpcf7-response-output\" aria-hidden=\"true\"><\/div><\/form><\/div>\n<hr class=\"wp-block-separator is-style-wide\">\n<p class=\"has-text-align-center\"><em><span class=\"has-inline-color has-vivid-purple-color\"> Una tarde de formaci\u00f3n intensiva donde poder sacar todo el partido a esta t\u00e9cnica.<\/span><\/em><\/p>\n<hr class=\"wp-block-separator is-style-wide\">\n<div class=\"wp-block-columns\">\n<div class=\"wp-block-column\" style=\"flex-basis: 100%;\">\n<div class=\"wp-block-group alignfull eplus-eKmBFP\">\n<div class=\"wp-block-group__inner-container\">\n<div class=\"wp-block-columns eplus-eKRk5r\">\n<div class=\"wp-block-column is-vertically-aligned-center eplus-OYwhRQ\" style=\"flex-basis: 30%;\">\n<h2 class=\"eplus-Ir6zG4\"><strong>Maderoterapia<\/strong><\/h2>\n<p class=\"eplus-coBBU3\">El equipo docente de la escuela, liderado por <strong><span class=\"has-inline-color has-vivid-purple-color\">Susana Caravaca<\/span><\/strong>, directora de la escuela y adem\u00e1s formadora en los institutos profesionales de la regi\u00f3n, engloba toda la formaci\u00f3n en <strong>terapias alternativas, est\u00e9tica y maquillaje.<\/strong><\/p>\n<\/div>\n<div class=\"wp-block-column is-vertically-aligned-center eplus-JCjdfn\">\n<figure class=\"wp-block-gallery columns-3 is-cropped eplus-mHA4g8\">\n<ul class=\"blocks-gallery-grid\">\n<li class=\"blocks-gallery-item\">\n<figure><a href=\"https:\/\/susanacaravaca.com\/wp-content\/uploads\/2023\/04\/IMG_9197-1365x2048-1.jpg\"><img loading=\"lazy\" class=\"alignnone size-medium wp-image-1219\" src=\"https:\/\/susanacaravaca.com\/wp-content\/uploads\/2023\/04\/IMG_9197-1365x2048-1-800x1200.jpg\" alt=\"\" width=\"800\" height=\"1200\" srcset=\"https:\/\/susanacaravaca.com\/wp-content\/uploads\/2023\/04\/IMG_9197-1365x2048-1-800x1200.jpg 800w, https:\/\/susanacaravaca.com\/wp-content\/uploads\/2023\/04\/IMG_9197-1365x2048-1-1200x1800.jpg 1200w, https:\/\/susanacaravaca.com\/wp-content\/uploads\/2023\/04\/IMG_9197-1365x2048-1-768x1152.jpg 768w, https:\/\/susanacaravaca.com\/wp-content\/uploads\/2023\/04\/IMG_9197-1365x2048-1-1024x1536.jpg 1024w, https:\/\/susanacaravaca.com\/wp-content\/uploads\/2023\/04\/IMG_9197-1365x2048-1-250x375.jpg 250w, https:\/\/susanacaravaca.com\/wp-content\/uploads\/2023\/04\/IMG_9197-1365x2048-1-430x645.jpg 430w, https:\/\/susanacaravaca.com\/wp-content\/uploads\/2023\/04\/IMG_9197-1365x2048-1-1333x2000.jpg 1333w, https:\/\/susanacaravaca.com\/wp-content\/uploads\/2023\/04\/IMG_9197-1365x2048-1.jpg 1365w\" sizes=\"(max-width: 800px) 100vw, 800px\" \/><\/a><\/figure>\n<\/li>\n<li class=\"blocks-gallery-item\">\n<figure><a href=\"https:\/\/susanacaravaca.com\/wp-content\/uploads\/2023\/04\/IMG_9202-1536x1024-1.jpg\"><img loading=\"lazy\" class=\"alignnone size-medium wp-image-1218\" src=\"https:\/\/susanacaravaca.com\/wp-content\/uploads\/2023\/04\/IMG_9202-1536x1024-1-800x533.jpg\" alt=\"\" width=\"800\" height=\"533\" srcset=\"https:\/\/susanacaravaca.com\/wp-content\/uploads\/2023\/04\/IMG_9202-1536x1024-1-800x533.jpg 800w, https:\/\/susanacaravaca.com\/wp-content\/uploads\/2023\/04\/IMG_9202-1536x1024-1-1200x800.jpg 1200w, https:\/\/susanacaravaca.com\/wp-content\/uploads\/2023\/04\/IMG_9202-1536x1024-1-768x512.jpg 768w, https:\/\/susanacaravaca.com\/wp-content\/uploads\/2023\/04\/IMG_9202-1536x1024-1-250x167.jpg 250w, https:\/\/susanacaravaca.com\/wp-content\/uploads\/2023\/04\/IMG_9202-1536x1024-1-430x287.jpg 430w, https:\/\/susanacaravaca.com\/wp-content\/uploads\/2023\/04\/IMG_9202-1536x1024-1.jpg 1536w\" sizes=\"(max-width: 800px) 100vw, 800px\" \/><\/a><\/figure>\n<\/li>\n<li class=\"blocks-gallery-item\">\n<figure><a href=\"https:\/\/susanacaravaca.com\/wp-content\/uploads\/2023\/04\/IMG_9196-1365x2048-1.jpg\"><img loading=\"lazy\" class=\"alignnone size-medium wp-image-1217\" src=\"https:\/\/susanacaravaca.com\/wp-content\/uploads\/2023\/04\/IMG_9196-1365x2048-1-800x1200.jpg\" alt=\"\" width=\"800\" height=\"1200\" srcset=\"https:\/\/susanacaravaca.com\/wp-content\/uploads\/2023\/04\/IMG_9196-1365x2048-1-800x1200.jpg 800w, https:\/\/susanacaravaca.com\/wp-content\/uploads\/2023\/04\/IMG_9196-1365x2048-1-1200x1800.jpg 1200w, https:\/\/susanacaravaca.com\/wp-content\/uploads\/2023\/04\/IMG_9196-1365x2048-1-768x1152.jpg 768w, https:\/\/susanacaravaca.com\/wp-content\/uploads\/2023\/04\/IMG_9196-1365x2048-1-1024x1536.jpg 1024w, https:\/\/susanacaravaca.com\/wp-content\/uploads\/2023\/04\/IMG_9196-1365x2048-1-250x375.jpg 250w, https:\/\/susanacaravaca.com\/wp-content\/uploads\/2023\/04\/IMG_9196-1365x2048-1-430x645.jpg 430w, https:\/\/susanacaravaca.com\/wp-content\/uploads\/2023\/04\/IMG_9196-1365x2048-1-1333x2000.jpg 1333w, https:\/\/susanacaravaca.com\/wp-content\/uploads\/2023\/04\/IMG_9196-1365x2048-1.jpg 1365w\" sizes=\"(max-width: 800px) 100vw, 800px\" \/><\/a><\/figure>\n<\/li>\n<\/ul>\n<\/figure>\n<\/div>\n<\/div>\n<\/div>\n<\/div>\n<hr class=\"wp-block-separator is-style-wide\">\n<h1>CURSO MADEROTERAPIA<\/h1>\n<ul>\n<li><strong>DURACI\u00d3N<\/strong>: 4 horas<\/li>\n<li><strong>FECHA 1<\/strong>: 18 septiembre&nbsp; 2023 \/<strong>FECHA 2<\/strong>: 20 noviembre 2023<\/li>\n<li><strong>D\u00cdA:<\/strong> lunes&nbsp;<\/li>\n<li><strong>HORARIO<\/strong>: de 16 a 20 h.<\/li>\n<li><strong>D\u00cdAS<\/strong>: lunes<\/li>\n<li><strong>PRECIO<\/strong>: 150 \u20ac<\/li>\n<\/ul>\n<div class=\"wp-block-group\">\n<div class=\"wp-block-group__inner-container\">\n<div class=\"wp-block-columns\">\n<div class=\"wp-block-column\" style=\"flex-basis: 100%;\">\n<hr class=\"wp-block-separator is-style-wide\">\n<div class=\"wp-block-columns\">\n<div class=\"wp-block-column\" style=\"flex-basis: 100%;\">&nbsp;<\/div>\n<\/div>\n<\/div>\n<\/div>\n<\/div>\n<\/div>\n<\/div>\n<\/div>\n<p><!-- PAGE CONTENT : end --><\/p>\n","protected":false},"excerpt":{"rendered":"<p>\u00bfA QUI\u00c9N VA DIRIGIDO? A toda persona que quiera convertirse en un profesional de la belleza. Due\u00f1os de centros de est\u00e9tica. Fisioterapeutas. Oste\u00f3patas. Entrenadores personales y coach. Emprendedores. Amantes de la belleza y el cuidado personal. PROGRAMA: Con este curso aprender\u00e1s conceptos b\u00e1sicos de la maderoterapia. Origen y definici\u00f3n, fases del tratamiento y contraindicaciones. Tipo [&hellip;]<\/p>\n","protected":false},"author":2,"featured_media":0,"parent":0,"menu_order":0,"comment_status":"closed","ping_status":"closed","template":"","meta":{"ngg_post_thumbnail":0},"_links":{"self":[{"href":"https:\/\/susanacaravaca.com\/index.php?rest_route=\/wp\/v2\/pages\/1214"}],"collection":[{"href":"https:\/\/susanacaravaca.com\/index.php?rest_route=\/wp\/v2\/pages"}],"about":[{"href":"https:\/\/susanacaravaca.com\/index.php?rest_route=\/wp\/v2\/types\/page"}],"author":[{"embeddable":true,"href":"https:\/\/susanacaravaca.com\/index.php?rest_route=\/wp\/v2\/users\/2"}],"replies":[{"embeddable":true,"href":"https:\/\/susanacaravaca.com\/index.php?rest_route=%2Fwp%2Fv2%2Fcomments&post=1214"}],"version-history":[{"count":6,"href":"https:\/\/susanacaravaca.com\/index.php?rest_route=\/wp\/v2\/pages\/1214\/revisions"}],"predecessor-version":[{"id":1361,"href":"https:\/\/susanacaravaca.com\/index.php?rest_route=\/wp\/v2\/pages\/1214\/revisions\/1361"}],"wp:attachment":[{"href":"https:\/\/susanacaravaca.com\/index.php?rest_route=%2Fwp%2Fv2%2Fmedia&parent=1214"}],"curies":[{"name":"wp","href":"https:\/\/api.w.org\/{rel}","templated":true}]}}