{"id":1210,"date":"2023-04-28T20:54:02","date_gmt":"2023-04-28T20:54:02","guid":{"rendered":"https:\/\/susanacaravaca.com\/?page_id=1210"},"modified":"2023-07-14T10:47:17","modified_gmt":"2023-07-14T10:47:17","slug":"curso-perfeccionamiento-en-unas","status":"publish","type":"page","link":"https:\/\/susanacaravaca.com\/?page_id=1210","title":{"rendered":"CURSO PERFECCIONAMIENTO EN U\u00d1AS"},"content":{"rendered":"<figure class=\"wp-block-image size-large\"><img loading=\"lazy\" class=\"wp-image-1466\" src=\".\/CURSO PERFECCIONAMIENTO EN U\u00d1AS _ Susana Caravaca _ Escuela de Maquillaje, Est\u00e9tica y Peluquer\u00eda_files\/PORTADA-UNAS-02-01-1200x376.jpg\" sizes=\"(max-width: 1200px) 100vw, 1200px\" srcset=\"https:\/\/susanacaravaca.com\/wp-content\/uploads\/2023\/01\/PORTADA-UNAS-02-01-1200x376.jpg 1200w, https:\/\/susanacaravaca.com\/wp-content\/uploads\/2023\/01\/PORTADA-UNAS-02-01-800x251.jpg 800w, https:\/\/susanacaravaca.com\/wp-content\/uploads\/2023\/01\/PORTADA-UNAS-02-01-768x241.jpg 768w, https:\/\/susanacaravaca.com\/wp-content\/uploads\/2023\/01\/PORTADA-UNAS-02-01-1536x482.jpg 1536w, https:\/\/susanacaravaca.com\/wp-content\/uploads\/2023\/01\/PORTADA-UNAS-02-01-250x78.jpg 250w, https:\/\/susanacaravaca.com\/wp-content\/uploads\/2023\/01\/PORTADA-UNAS-02-01-430x135.jpg 430w\" alt=\"\" width=\"1200\" height=\"376\"><\/figure>\n<p>Dirigido a quien ya haya trabajado alg\u00fan tipo de u\u00f1as artificiales, tienes que saber o acr\u00edlico o acrygel, aunque tu t\u00e9cnica no sea perfecta. Es un curso de perfeccionamiento de u\u00f1as dirigido por Leticia P\u00e9rez, ganadora del trofeo \u00a1\u00a1Winner o Winners!! de la 3\u00aa Edici\u00f3n de Beauty Valencia 2022.<\/p>\n<p>En el se trabajar\u00e1:<\/p>\n<p>\u2022 Colocaci\u00f3n del molde y cortes correctos<br \/>\n\u2022 Estructura cuadrada<br \/>\n\u2022 Estructura almendra cl\u00e1sica<br \/>\n\u2022 Construcci\u00f3n francesa cl\u00e1sica<br \/>\n\u2022 Construcci\u00f3n francesa reversa<br \/>\n\u2022 T\u00e9cnica de limado<br \/>\n\u2022 Teor\u00eda del gel<br \/>\n\u2022 Demo fantas\u00eda gel<br \/>\n\u2022 Perfeccionamiento de cada alumna<\/p>\n<p>Material no incluido, lo puedes adquirir en la escuela bajo reserva.<\/p>\n<hr class=\"wp-block-separator is-style-wide\">\n<figure class=\"wp-block-gallery columns-3 is-cropped\">\n<ul class=\"blocks-gallery-grid\">\n<li class=\"blocks-gallery-item\">\n<figure><a href=\"https:\/\/susanacaravaca.com\/wp-content\/uploads\/2022\/10\/273462754_2809652512661687_759057594309769113_n.jpg\"><img loading=\"lazy\" class=\"wp-image-1403\" src=\".\/CURSO PERFECCIONAMIENTO EN U\u00d1AS _ Susana Caravaca _ Escuela de Maquillaje, Est\u00e9tica y Peluquer\u00eda_files\/273462754_2809652512661687_759057594309769113_n-1200x1500.jpg\" sizes=\"(max-width: 1200px) 100vw, 1200px\" srcset=\"https:\/\/susanacaravaca.com\/wp-content\/uploads\/2022\/10\/273462754_2809652512661687_759057594309769113_n-1200x1500.jpg 1200w, https:\/\/susanacaravaca.com\/wp-content\/uploads\/2022\/10\/273462754_2809652512661687_759057594309769113_n-800x1000.jpg 800w, https:\/\/susanacaravaca.com\/wp-content\/uploads\/2022\/10\/273462754_2809652512661687_759057594309769113_n-768x960.jpg 768w, https:\/\/susanacaravaca.com\/wp-content\/uploads\/2022\/10\/273462754_2809652512661687_759057594309769113_n-1229x1536.jpg 1229w, https:\/\/susanacaravaca.com\/wp-content\/uploads\/2022\/10\/273462754_2809652512661687_759057594309769113_n-250x313.jpg 250w, https:\/\/susanacaravaca.com\/wp-content\/uploads\/2022\/10\/273462754_2809652512661687_759057594309769113_n-430x538.jpg 430w, https:\/\/susanacaravaca.com\/wp-content\/uploads\/2022\/10\/273462754_2809652512661687_759057594309769113_n.jpg 1440w\" alt=\"\" width=\"1200\" height=\"1500\" data-id=\"1403\" data-full-url=\"https:\/\/susanacaravaca.com\/wp-content\/uploads\/2022\/10\/273462754_2809652512661687_759057594309769113_n.jpg\" data-link=\"https:\/\/susanacaravaca.com\/?attachment_id=1403\"><\/a><\/figure>\n<\/li>\n<li class=\"blocks-gallery-item\">\n<figure><a href=\".\/CURSO PERFECCIONAMIENTO EN U\u00d1AS _ Susana Caravaca _ Escuela de Maquillaje, Est\u00e9tica y Peluquer\u00eda_files\/IMG-20220924-WA0022.jpg\"><img loading=\"lazy\" class=\"wp-image-1406\" src=\".\/CURSO PERFECCIONAMIENTO EN U\u00d1AS _ Susana Caravaca _ Escuela de Maquillaje, Est\u00e9tica y Peluquer\u00eda_files\/IMG-20220924-WA0022.jpg\" sizes=\"(max-width: 768px) 100vw, 768px\" srcset=\"https:\/\/susanacaravaca.com\/wp-content\/uploads\/2022\/10\/IMG-20220924-WA0022.jpg 768w, https:\/\/susanacaravaca.com\/wp-content\/uploads\/2022\/10\/IMG-20220924-WA0022-250x333.jpg 250w, https:\/\/susanacaravaca.com\/wp-content\/uploads\/2022\/10\/IMG-20220924-WA0022-430x573.jpg 430w\" alt=\"\" width=\"768\" height=\"1024\" data-id=\"1406\" data-full-url=\"https:\/\/susanacaravaca.com\/wp-content\/uploads\/2022\/10\/IMG-20220924-WA0022.jpg\" data-link=\"https:\/\/susanacaravaca.com\/?attachment_id=1406\"><\/a><\/figure>\n<\/li>\n<li class=\"blocks-gallery-item\">\n<figure><a href=\".\/CURSO PERFECCIONAMIENTO EN U\u00d1AS _ Susana Caravaca _ Escuela de Maquillaje, Est\u00e9tica y Peluquer\u00eda_files\/IMG-20220924-WA0025.jpg\"><img loading=\"lazy\" class=\"wp-image-1407\" src=\".\/CURSO PERFECCIONAMIENTO EN U\u00d1AS _ Susana Caravaca _ Escuela de Maquillaje, Est\u00e9tica y Peluquer\u00eda_files\/IMG-20220924-WA0025.jpg\" sizes=\"(max-width: 750px) 100vw, 750px\" srcset=\"https:\/\/susanacaravaca.com\/wp-content\/uploads\/2022\/10\/IMG-20220924-WA0025.jpg 750w, https:\/\/susanacaravaca.com\/wp-content\/uploads\/2022\/10\/IMG-20220924-WA0025-250x333.jpg 250w, https:\/\/susanacaravaca.com\/wp-content\/uploads\/2022\/10\/IMG-20220924-WA0025-430x573.jpg 430w\" alt=\"\" width=\"750\" height=\"1000\" data-id=\"1407\" data-full-url=\"https:\/\/susanacaravaca.com\/wp-content\/uploads\/2022\/10\/IMG-20220924-WA0025.jpg\" data-link=\"https:\/\/susanacaravaca.com\/?attachment_id=1407\"><\/a><\/figure>\n<\/li>\n<\/ul>\n<\/figure>\n<hr class=\"wp-block-separator is-style-wide\">\n<h2 class=\"has-text-align-left\"><span class=\"has-inline-color has-vivid-purple-color\">\u00a1TE LLAMAMOS! SOLICITA INFO<\/span><\/h2>\n<div role=\"form\" class=\"wpcf7\" id=\"wpcf7-f9-o1\" lang=\"es-ES\" dir=\"ltr\">\n<div class=\"screen-reader-response\"><p role=\"status\" aria-live=\"polite\" aria-atomic=\"true\"><\/p> <ul><\/ul><\/div>\n<form action=\"\/index.php?rest_route=%2Fwp%2Fv2%2Fpages%2F1210#wpcf7-f9-o1\" method=\"post\" class=\"wpcf7-form init\" novalidate=\"novalidate\" data-status=\"init\">\n<div style=\"display: none;\">\n<input type=\"hidden\" name=\"_wpcf7\" value=\"9\" \/>\n<input type=\"hidden\" name=\"_wpcf7_version\" value=\"5.5.1\" \/>\n<input type=\"hidden\" name=\"_wpcf7_locale\" value=\"es_ES\" \/>\n<input type=\"hidden\" name=\"_wpcf7_unit_tag\" value=\"wpcf7-f9-o1\" \/>\n<input type=\"hidden\" name=\"_wpcf7_container_post\" value=\"0\" \/>\n<input type=\"hidden\" name=\"_wpcf7_posted_data_hash\" value=\"\" \/>\n<\/div>\n<style>\n.formulario tr td {\n vertical-align:top;\nborder-width:0px 0px 0px !important;\ncolor:#644F98;\npadding-bottom:0px;\npadding-top:0px\n}<\/p>\n<\/style>\n<table class=\"formulario\">\n<tr>\n<td>NOMBRE*<\/td>\n<td>ASUNTO*<\/td>\n<\/tr>\n<tr>\n<td><span class=\"wpcf7-form-control-wrap your-name\"><input type=\"text\" name=\"your-name\" value=\"\" size=\"40\" class=\"wpcf7-form-control wpcf7-text wpcf7-validates-as-required\" aria-required=\"true\" aria-invalid=\"false\" \/><\/span><\/td>\n<td><span class=\"wpcf7-form-control-wrap your-subject\"><input type=\"text\" name=\"your-subject\" value=\"\" size=\"40\" class=\"wpcf7-form-control wpcf7-text wpcf7-validates-as-required\" aria-required=\"true\" aria-invalid=\"false\" \/><\/span><\/td>\n<\/tr>\n<tr>\n<td>EMAIL*<\/td>\n<td>MENSAJE*<\/td>\n<\/tr>\n<tr>\n<td><span class=\"wpcf7-form-control-wrap your-email\"><input type=\"email\" name=\"your-email\" value=\"\" size=\"40\" class=\"wpcf7-form-control wpcf7-text wpcf7-email wpcf7-validates-as-required wpcf7-validates-as-email\" aria-required=\"true\" aria-invalid=\"false\" \/><\/span><\/td>\n<td rowspan=\"3\"><span class=\"wpcf7-form-control-wrap your-message\"><textarea name=\"your-message\" cols=\"40\" rows=\"10\" class=\"wpcf7-form-control wpcf7-textarea wpcf7-validates-as-required\" aria-required=\"true\" aria-invalid=\"false\"><\/textarea><\/span><\/td>\n<\/tr>\n<tr>\n<td>TELEFONO*<\/td>\n<\/tr>\n<tr>\n<td><span class=\"wpcf7-form-control-wrap your-telephone\"><input type=\"tel\" name=\"your-telephone\" value=\"\" size=\"40\" class=\"wpcf7-form-control wpcf7-text wpcf7-tel wpcf7-validates-as-required wpcf7-validates-as-tel\" aria-required=\"true\" aria-invalid=\"false\" \/><\/span><\/td>\n<\/tr>\n<tr>\n<td><\/td>\n<td style=\"padding-top:5px\"><input type=\"submit\" value=\"ENVIAR\" class=\"wpcf7-form-control has-spinner wpcf7-submit\" \/><\/td>\n<\/tr>\n<\/table>\n<div class=\"wpcf7-response-output\" aria-hidden=\"true\"><\/div><\/form><\/div>\n<hr class=\"wp-block-separator is-style-wide\">\n<p class=\"has-text-align-center\"><em><span class=\"has-inline-color has-vivid-purple-color\"> Dos d\u00edas intensos de formaci\u00f3n para tomar pr\u00e1ctica desde el primer momento y monetizar la inversi\u00f3n en tu centro de est\u00e9tica. <\/span> <\/em><\/p>\n<div class=\"wp-block-columns\">\n<div class=\"wp-block-column\" style=\"flex-basis: 66.66%;\">\n<p><strong>MATERIALES FORMACI\u00d3N<\/strong><br \/>\n(puedes traerlos o adquirirlos previar reserva)<\/p>\n<p>\u2022 Gel constructor clear<br \/>\n\u2022 Gel constructor white<br \/>\n\u2022 Gel constructor cover<br \/>\n\u2022 Limpiador<br \/>\n\u2022 Desengrasante<br \/>\n\u2022 Primer no acido<br \/>\n\u2022 Lima 150\/180<br \/>\n\u2022 Buffer (pulidor)<br \/>\n\u2022 Top<br \/>\n\u2022 Moldes<br \/>\n\u2022 Empujador<br \/>\n\u2022 Tijeras corta moldes<br \/>\n\u2022 Alicates<br \/>\n\u2022 Pinza para pinching (pinzar y curvar)<br \/>\n\u2022 Tubos curva c<br \/>\n\u2022 Celulosa<br \/>\n\u2022 Pincel gel n\u00ba6<br \/>\n\u2022 Pincel liner 00<br \/>\n\u2022 Lampara led<\/p>\n<\/div>\n<div class=\"wp-block-column\" style=\"flex-basis: 33.33%;\">\n<figure class=\"wp-block-gallery columns-1 is-cropped\">\n<ul class=\"blocks-gallery-grid\">\n<li class=\"blocks-gallery-item\">\n<figure><a href=\".\/CURSO PERFECCIONAMIENTO EN U\u00d1AS _ Susana Caravaca _ Escuela de Maquillaje, Est\u00e9tica y Peluquer\u00eda_files\/76751378_2214494985510779_4556523863659249664_n-1-1200x1600.jpg\"><img loading=\"lazy\" class=\"wp-image-1468\" src=\".\/CURSO PERFECCIONAMIENTO EN U\u00d1AS _ Susana Caravaca _ Escuela de Maquillaje, Est\u00e9tica y Peluquer\u00eda_files\/76751378_2214494985510779_4556523863659249664_n-1-1200x1600.jpg\" sizes=\"(max-width: 1200px) 100vw, 1200px\" srcset=\"https:\/\/susanacaravaca.com\/wp-content\/uploads\/2023\/01\/76751378_2214494985510779_4556523863659249664_n-1-1200x1600.jpg 1200w, https:\/\/susanacaravaca.com\/wp-content\/uploads\/2023\/01\/76751378_2214494985510779_4556523863659249664_n-1-800x1067.jpg 800w, https:\/\/susanacaravaca.com\/wp-content\/uploads\/2023\/01\/76751378_2214494985510779_4556523863659249664_n-1-768x1024.jpg 768w, https:\/\/susanacaravaca.com\/wp-content\/uploads\/2023\/01\/76751378_2214494985510779_4556523863659249664_n-1-1152x1536.jpg 1152w, https:\/\/susanacaravaca.com\/wp-content\/uploads\/2023\/01\/76751378_2214494985510779_4556523863659249664_n-1-250x333.jpg 250w, https:\/\/susanacaravaca.com\/wp-content\/uploads\/2023\/01\/76751378_2214494985510779_4556523863659249664_n-1-430x573.jpg 430w, https:\/\/susanacaravaca.com\/wp-content\/uploads\/2023\/01\/76751378_2214494985510779_4556523863659249664_n-1-1500x2000.jpg 1500w, https:\/\/susanacaravaca.com\/wp-content\/uploads\/2023\/01\/76751378_2214494985510779_4556523863659249664_n-1.jpg 1536w\" alt=\"\" width=\"1200\" height=\"1600\" data-id=\"1468\" data-link=\"https:\/\/susanacaravaca.com\/?attachment_id=1468\"><\/a><\/figure>\n<\/li>\n<\/ul>\n<\/figure>\n<\/div>\n<\/div>\n<hr class=\"wp-block-separator is-style-wide\">\n<div class=\"wp-block-columns\">\n<div class=\"wp-block-column\" style=\"flex-basis: 100%;\">\n<div class=\"wp-block-group alignfull eplus-eKmBFP\">\n<div class=\"wp-block-group__inner-container\">\n<div class=\"wp-block-columns eplus-eKRk5r\">\n<div class=\"wp-block-column is-vertically-aligned-center eplus-OYwhRQ\" style=\"flex-basis: 30%;\">\n<h2 class=\"eplus-Ir6zG4\"><strong>M\u00edmate!<\/strong><\/h2>\n<p class=\"eplus-coBBU3\">Este curso lo dirige <strong><span class=\"has-inline-color has-vivid-purple-color\">Leticia P\u00e9rez<\/span><\/strong>, profesional y profesora de las u\u00f1as en Valencia, colabora con la escuela desde hace a\u00f1os con este curso de perfeccionamiento.<\/p>\n<\/div>\n<div class=\"wp-block-column is-vertically-aligned-center eplus-JCjdfn\">\n<figure class=\"wp-block-gallery columns-3 is-cropped eplus-mHA4g8\">\n<ul class=\"blocks-gallery-grid\">\n<li class=\"blocks-gallery-item\">\n<figure><img loading=\"lazy\" class=\"wp-image-1455\" src=\".\/CURSO PERFECCIONAMIENTO EN U\u00d1AS _ Susana Caravaca _ Escuela de Maquillaje, Est\u00e9tica y Peluquer\u00eda_files\/8.-UNAS_Mesa-de-trabajo-1-copia-7-1-1200x1200.jpg\" sizes=\"(max-width: 1200px) 100vw, 1200px\" srcset=\"https:\/\/susanacaravaca.com\/wp-content\/uploads\/2023\/01\/8.-UNAS_Mesa-de-trabajo-1-copia-7-1-1200x1200.jpg 1200w, https:\/\/susanacaravaca.com\/wp-content\/uploads\/2023\/01\/8.-UNAS_Mesa-de-trabajo-1-copia-7-1-800x800.jpg 800w, https:\/\/susanacaravaca.com\/wp-content\/uploads\/2023\/01\/8.-UNAS_Mesa-de-trabajo-1-copia-7-1-300x300.jpg 300w, https:\/\/susanacaravaca.com\/wp-content\/uploads\/2023\/01\/8.-UNAS_Mesa-de-trabajo-1-copia-7-1-768x768.jpg 768w, https:\/\/susanacaravaca.com\/wp-content\/uploads\/2023\/01\/8.-UNAS_Mesa-de-trabajo-1-copia-7-1-150x150.jpg 150w, https:\/\/susanacaravaca.com\/wp-content\/uploads\/2023\/01\/8.-UNAS_Mesa-de-trabajo-1-copia-7-1-1536x1536.jpg 1536w, https:\/\/susanacaravaca.com\/wp-content\/uploads\/2023\/01\/8.-UNAS_Mesa-de-trabajo-1-copia-7-1-250x250.jpg 250w, https:\/\/susanacaravaca.com\/wp-content\/uploads\/2023\/01\/8.-UNAS_Mesa-de-trabajo-1-copia-7-1-430x430.jpg 430w\" alt=\"\" width=\"1200\" height=\"1200\" data-id=\"1455\" data-full-url=\"https:\/\/susanacaravaca.com\/wp-content\/uploads\/2023\/01\/8.-UNAS_Mesa-de-trabajo-1-copia-7-1.jpg\" data-link=\"https:\/\/susanacaravaca.com\/?attachment_id=1455\"><\/figure>\n<\/li>\n<li class=\"blocks-gallery-item\">\n<figure><img loading=\"lazy\" class=\"wp-image-1458\" src=\".\/CURSO PERFECCIONAMIENTO EN U\u00d1AS _ Susana Caravaca _ Escuela de Maquillaje, Est\u00e9tica y Peluquer\u00eda_files\/8.-UNAS_Mesa-de-trabajo-1-copia-4-1-1200x1200.jpg\" sizes=\"(max-width: 1200px) 100vw, 1200px\" srcset=\"https:\/\/susanacaravaca.com\/wp-content\/uploads\/2023\/01\/8.-UNAS_Mesa-de-trabajo-1-copia-4-1-1200x1200.jpg 1200w, https:\/\/susanacaravaca.com\/wp-content\/uploads\/2023\/01\/8.-UNAS_Mesa-de-trabajo-1-copia-4-1-800x800.jpg 800w, https:\/\/susanacaravaca.com\/wp-content\/uploads\/2023\/01\/8.-UNAS_Mesa-de-trabajo-1-copia-4-1-300x300.jpg 300w, https:\/\/susanacaravaca.com\/wp-content\/uploads\/2023\/01\/8.-UNAS_Mesa-de-trabajo-1-copia-4-1-768x768.jpg 768w, https:\/\/susanacaravaca.com\/wp-content\/uploads\/2023\/01\/8.-UNAS_Mesa-de-trabajo-1-copia-4-1-150x150.jpg 150w, https:\/\/susanacaravaca.com\/wp-content\/uploads\/2023\/01\/8.-UNAS_Mesa-de-trabajo-1-copia-4-1-1536x1536.jpg 1536w, https:\/\/susanacaravaca.com\/wp-content\/uploads\/2023\/01\/8.-UNAS_Mesa-de-trabajo-1-copia-4-1-250x250.jpg 250w, https:\/\/susanacaravaca.com\/wp-content\/uploads\/2023\/01\/8.-UNAS_Mesa-de-trabajo-1-copia-4-1-430x430.jpg 430w\" alt=\"\" width=\"1200\" height=\"1200\" data-id=\"1458\" data-full-url=\"https:\/\/susanacaravaca.com\/wp-content\/uploads\/2023\/01\/8.-UNAS_Mesa-de-trabajo-1-copia-4-1.jpg\" data-link=\"https:\/\/susanacaravaca.com\/?attachment_id=1458\"><\/figure>\n<\/li>\n<li class=\"blocks-gallery-item\">\n<figure><img loading=\"lazy\" class=\"wp-image-1457\" src=\".\/CURSO PERFECCIONAMIENTO EN U\u00d1AS _ Susana Caravaca _ Escuela de Maquillaje, Est\u00e9tica y Peluquer\u00eda_files\/unas-leticia-3-1200x1436.jpeg\" sizes=\"(max-width: 1200px) 100vw, 1200px\" srcset=\"https:\/\/susanacaravaca.com\/wp-content\/uploads\/2023\/01\/unas-leticia-3-1200x1436.jpeg 1200w, https:\/\/susanacaravaca.com\/wp-content\/uploads\/2023\/01\/unas-leticia-3-800x957.jpeg 800w, https:\/\/susanacaravaca.com\/wp-content\/uploads\/2023\/01\/unas-leticia-3-768x919.jpeg 768w, https:\/\/susanacaravaca.com\/wp-content\/uploads\/2023\/01\/unas-leticia-3-1284x1536.jpeg 1284w, https:\/\/susanacaravaca.com\/wp-content\/uploads\/2023\/01\/unas-leticia-3-250x299.jpeg 250w, https:\/\/susanacaravaca.com\/wp-content\/uploads\/2023\/01\/unas-leticia-3-430x514.jpeg 430w, https:\/\/susanacaravaca.com\/wp-content\/uploads\/2023\/01\/unas-leticia-3-1672x2000.jpeg 1672w\" alt=\"\" width=\"1200\" height=\"1436\" data-id=\"1457\" data-full-url=\"https:\/\/susanacaravaca.com\/wp-content\/uploads\/2023\/01\/unas-leticia-3.jpeg\" data-link=\"https:\/\/susanacaravaca.com\/?attachment_id=1457\"><\/figure>\n<\/li>\n<\/ul>\n<\/figure>\n<\/div>\n<\/div>\n<\/div>\n<\/div>\n<hr class=\"wp-block-separator is-style-wide\">\n<h1>CURSO PERFECCIONAMIENTO EN U\u00d1AS<\/h1>\n<ul>\n<li><strong>DURACI\u00d3N<\/strong>: 2 d\u00edas<\/li>\n<li><strong>FECHA<\/strong>: por definir<\/li>\n<li><strong>HORARIO<\/strong>: de 9:30 a 13:30 h. y de 15:30 a 19:30 h.<\/li>\n<li><strong>D\u00cdAS<\/strong>: lunes y martes<\/li>\n<li><strong>PRECIO<\/strong>: 250 \u20ac (50\u20ac reserva + 200\u20ac formaci\u00f3n)<\/li>\n<li><strong>TEMARIO<\/strong>: Perfeccionamiento de la t\u00e9cnica, decoraci\u00f3n y embellecimiento de u\u00f1as.<\/li>\n<\/ul>\n<div class=\"wp-block-group\">\n<div class=\"wp-block-group__inner-container\">\n<div class=\"wp-block-columns\">\n<div class=\"wp-block-column\" style=\"flex-basis: 100%;\">\n<hr class=\"wp-block-separator is-style-wide\">\n<p>El equipo docente de la escuela, liderado por <strong><span class=\"has-inline-color has-vivid-purple-color\">Susana Caravaca<\/span><\/strong>, directora de la escuela y adem\u00e1s formadora en los institutos profesionales de la regi\u00f3n, engloba toda la formaci\u00f3n en <strong>terapias alternativas, est\u00e9tica y maquillaje.<\/strong><\/p>\n<div class=\"wp-block-columns\">\n<div class=\"wp-block-column\" style=\"flex-basis: 100%;\">&nbsp;<\/div>\n<\/div>\n<\/div>\n<\/div>\n<\/div>\n<\/div>\n<\/div>\n<\/div>\n<hr class=\"wp-block-separator is-style-wide\">\n<p><!-- PAGE CONTENT : end --><\/p>\n","protected":false},"excerpt":{"rendered":"<p>Dirigido a quien ya haya trabajado alg\u00fan tipo de u\u00f1as artificiales, tienes que saber o acr\u00edlico o acrygel, aunque tu t\u00e9cnica no sea perfecta. Es un curso de perfeccionamiento de u\u00f1as dirigido por Leticia P\u00e9rez, ganadora del trofeo \u00a1\u00a1Winner o Winners!! de la 3\u00aa Edici\u00f3n de Beauty Valencia 2022. En el se trabajar\u00e1: \u2022 Colocaci\u00f3n [&hellip;]<\/p>\n","protected":false},"author":2,"featured_media":0,"parent":0,"menu_order":0,"comment_status":"closed","ping_status":"closed","template":"","meta":{"ngg_post_thumbnail":0},"_links":{"self":[{"href":"https:\/\/susanacaravaca.com\/index.php?rest_route=\/wp\/v2\/pages\/1210"}],"collection":[{"href":"https:\/\/susanacaravaca.com\/index.php?rest_route=\/wp\/v2\/pages"}],"about":[{"href":"https:\/\/susanacaravaca.com\/index.php?rest_route=\/wp\/v2\/types\/page"}],"author":[{"embeddable":true,"href":"https:\/\/susanacaravaca.com\/index.php?rest_route=\/wp\/v2\/users\/2"}],"replies":[{"embeddable":true,"href":"https:\/\/susanacaravaca.com\/index.php?rest_route=%2Fwp%2Fv2%2Fcomments&post=1210"}],"version-history":[{"count":3,"href":"https:\/\/susanacaravaca.com\/index.php?rest_route=\/wp\/v2\/pages\/1210\/revisions"}],"predecessor-version":[{"id":1408,"href":"https:\/\/susanacaravaca.com\/index.php?rest_route=\/wp\/v2\/pages\/1210\/revisions\/1408"}],"wp:attachment":[{"href":"https:\/\/susanacaravaca.com\/index.php?rest_route=%2Fwp%2Fv2%2Fmedia&parent=1210"}],"curies":[{"name":"wp","href":"https:\/\/api.w.org\/{rel}","templated":true}]}}